{"id":677,"date":"2019-11-18T21:25:41","date_gmt":"2019-11-18T20:25:41","guid":{"rendered":"http:\/\/slowtechinstitute.org\/?page_id=677"},"modified":"2019-12-09T19:08:30","modified_gmt":"2019-12-09T18:08:30","slug":"677-2","status":"publish","type":"page","link":"https:\/\/slowtechinstitute.org\/en\/677-2\/","title":{"rendered":"SLOW TECH MANIFESTO"},"content":{"rendered":"<div class=\"alignc\">\n<div class=\"medium-intro\">Technologies are designed to create an extra free time.<br \/>\nIf it is not happening, something needs to be done.\n<\/div>\n<p>&bull;<\/p>\n<div class=\"medium-intro\">The use of technology must have clearly defined rules.<br \/>\nCreate them for yourself, your children and your pupils.\n<\/div>\n<p>&bull;<\/p>\n<div class=\"medium-intro\">Technologies should not endanger your sleep.<br \/>\nMake your evening rituals free from blue light, video game adrenaline<br \/>\nand stress from action movies or news.\n<\/div>\n<p>&bull;<\/p>\n<div class=\"medium-intro\">Boredom is great. The human brain needs it to be more creative and happier.<br \/>\nDo not check social networks while travelling by tram or bus. Run without headphones.<br \/>\nAnd in the waiting room? Simply wait.\n<\/div>\n<p>&bull;<\/p>\n<div class=\"medium-intro\">Living slower does not mean getting rid of technology completely.<br \/>\nSmartphones, apps, and social networks do not have to be dangerous to us.<br \/>\nIt depends only on how we let them to control us.\n<\/div>\n<\/div>","protected":false},"excerpt":{"rendered":"<p>Technologie maj\u00ed za \u00fakol v\u00e1m p\u0159idat voln\u00fd \u010das nav\u00edc. Pokud je to naopak, je zapot\u0159eb\u00ed s t\u00edm za\u010d\u00edt n\u011bco d\u011blat. &bull; U\u017e\u00edv\u00e1n\u00ed technologi\u00ed mus\u00ed m\u00edt jasn\u011b stanoven\u00e1 pravidla. Vytvo\u0159te je sob\u011b, sv\u00fdm d\u011btem i sv\u00fdm \u017e\u00e1k\u016fm. &bull; Technologie by nem\u011bly ohro\u017eovat v\u00e1\u0161 sp\u00e1nek. Zbavte sv\u00e9 ve\u010dern\u00ed ritu\u00e1ly modr\u00e9ho sv\u011btla, adrenalinu z videoher, stresu z ak\u010dn\u00edch film\u016f nebo zpr\u00e1v. &bull; Nuda&#8230;<\/p>","protected":false},"author":1,"featured_media":705,"parent":0,"menu_order":0,"comment_status":"closed","ping_status":"closed","template":"my-templates\/template-fullwidth.php","meta":[],"_links":{"self":[{"href":"https:\/\/slowtechinstitute.org\/en\/wp-json\/wp\/v2\/pages\/677"}],"collection":[{"href":"https:\/\/slowtechinstitute.org\/en\/wp-json\/wp\/v2\/pages"}],"about":[{"href":"https:\/\/slowtechinstitute.org\/en\/wp-json\/wp\/v2\/types\/page"}],"author":[{"embeddable":true,"href":"https:\/\/slowtechinstitute.org\/en\/wp-json\/wp\/v2\/users\/1"}],"replies":[{"embeddable":true,"href":"https:\/\/slowtechinstitute.org\/en\/wp-json\/wp\/v2\/comments?post=677"}],"version-history":[{"count":21,"href":"https:\/\/slowtechinstitute.org\/en\/wp-json\/wp\/v2\/pages\/677\/revisions"}],"predecessor-version":[{"id":698,"href":"https:\/\/slowtechinstitute.org\/en\/wp-json\/wp\/v2\/pages\/677\/revisions\/698"}],"wp:featuredmedia":[{"embeddable":true,"href":"https:\/\/slowtechinstitute.org\/en\/wp-json\/wp\/v2\/media\/705"}],"wp:attachment":[{"href":"https:\/\/slowtechinstitute.org\/en\/wp-json\/wp\/v2\/media?parent=677"}],"curies":[{"name":"wp","href":"https:\/\/api.w.org\/{rel}","templated":true}]}}