{"id":1833,"date":"2024-04-18T21:18:46","date_gmt":"2024-04-18T19:18:46","guid":{"rendered":"https:\/\/slowtechinstitute.org\/?page_id=1833"},"modified":"2024-04-18T21:43:55","modified_gmt":"2024-04-18T19:43:55","slug":"mate-neco-na-co-se-muzu-doma-kouknout-s-detma","status":"publish","type":"page","link":"https:\/\/slowtechinstitute.org\/en\/mate-neco-na-co-se-muzu-doma-kouknout-s-detma\/","title":{"rendered":"&#8222;M\u00e1te n\u011bco, na co se m\u016f\u017eu doma kouknout s d\u011btma?&#8220;"},"content":{"rendered":"<p>Rodi\u010de se po vyposlechnut\u00ed rodi\u010dovsk\u00e9 p\u0159edn\u00e1\u0161ky \u010dasto ptaj\u00ed po obsaz\u00edch, kter\u00e9 mohou sd\u00edlet s d\u011btmi. Ano, o spoust\u011b v\u011bc\u00ed je t\u011b\u017ek\u00e9 mluvit, kdy\u017e na to nejsme zvykl\u00ed, mnoho v\u011bc\u00ed nezn\u00e1me a sami se pot\u0159ebujeme p\u0159iu\u010dit. Na\u0161t\u011bst\u00ed vznik\u00e1 st\u00e1le v\u00edce vide\u00ed a minis\u00e9ri\u00ed o problematice digit\u00e1ln\u00edho prost\u0159ed\u00ed, kter\u00e9 m\u016f\u017eeme jako pomocn\u00edky vyu\u017e\u00edt. N\u00ed\u017ee je v\u00fd\u010det t\u011bch, se kter\u00fdmi m\u00e1me dobrou zku\u0161enost. <\/p>\n\n\n\n<p>Pozor: p\u0159edt\u00edm, ne\u017e obsah pust\u00edte, pod\u00edvejte se na n\u011bj o samot\u011b a ohodno\u0165te, zda jsou pr\u00e1v\u011b pro va\u0161e d\u00edt\u011b vhodn\u00e9. Zejm\u00e9na filmy n\u00ed\u017ee mohou p\u0159edstavovat emocion\u00e1ln\u011b siln\u00e9 p\u0159\u00edb\u011bhy, nebo odkr\u00fdvaj\u00ed t\u00e9mata, na kter\u00e1 va\u0161e d\u00edt\u011b nemus\u00ed b\u00fdt p\u0159ipraveno.<\/p>\n\n\n\n<div style=\"height:46px\" aria-hidden=\"true\" class=\"wp-block-spacer\"><\/div>\n\n\n\n<p><\/p>\n\n\n\n<div class=\"is-layout-flex wp-container-3 wp-block-columns\">\n<div class=\"is-layout-flow wp-block-column\"><div class=\"wp-block-image\">\n<figure class=\"aligncenter size-full\"><img decoding=\"async\" loading=\"lazy\" width=\"431\" height=\"320\" src=\"https:\/\/slowtechinstitute.org\/wp-content\/uploads\/2024\/04\/Screenshot-2024-04-18-at-21-17-26-Datova-Lhota-1.png\" alt=\"\" class=\"wp-image-1844\" srcset=\"https:\/\/slowtechinstitute.org\/wp-content\/uploads\/2024\/04\/Screenshot-2024-04-18-at-21-17-26-Datova-Lhota-1.png 431w, https:\/\/slowtechinstitute.org\/wp-content\/uploads\/2024\/04\/Screenshot-2024-04-18-at-21-17-26-Datova-Lhota-1-300x223.png 300w\" sizes=\"(max-width: 431px) 100vw, 431px\" \/><figcaption class=\"wp-element-caption\"><br><strong><a rel=\"noreferrer noopener\" href=\"https:\/\/decko.ceskatelevize.cz\/nauc-tetu-na-netu\" target=\"_blank\">Nau\u010d tetu na netu<\/a><\/strong><br><br>Televizn\u00ed seri\u00e1l \u010cT o internetu. P\u0159\u00edstupnou a z\u00e1bavnou formou osv\u011btluje z\u00e1kladn\u00ed koncepty digit\u00e1ln\u00edch technologi\u00ed, ale i jejich n\u00e1strah. Naleznete zde d\u00edly o fakenews, z\u00e1vislostech, porovn\u00e1v\u00e1n\u00ed se na soci\u00e1ln\u00edch s\u00edt\u00edch apod.<\/figcaption><\/figure><\/div><\/div>\n\n\n\n<div class=\"is-layout-flow wp-block-column\"><div class=\"wp-block-image\">\n<figure class=\"aligncenter size-full\"><a href=\"https:\/\/decko.ceskatelevize.cz\/alenka-v-risi-gifu\"><img decoding=\"async\" loading=\"lazy\" width=\"435\" height=\"320\" src=\"https:\/\/slowtechinstitute.org\/wp-content\/uploads\/2024\/04\/Screenshot-2024-04-18-at-21-18-07-Datova-Lhota.png\" alt=\"\" class=\"wp-image-1838\" srcset=\"https:\/\/slowtechinstitute.org\/wp-content\/uploads\/2024\/04\/Screenshot-2024-04-18-at-21-18-07-Datova-Lhota.png 435w, https:\/\/slowtechinstitute.org\/wp-content\/uploads\/2024\/04\/Screenshot-2024-04-18-at-21-18-07-Datova-Lhota-300x221.png 300w\" sizes=\"(max-width: 435px) 100vw, 435px\" \/><\/a><figcaption class=\"wp-element-caption\"><br><strong><a rel=\"noreferrer noopener\" href=\"https:\/\/decko.ceskatelevize.cz\/alenka-v-risi-gifu\" target=\"_blank\">Alenka v \u0159\u00ed\u0161i GIF\u016f<\/a><\/strong>\u00a0<br><br>Televizn\u00ed seri\u00e1l \u010cT o internetu. Lajky, fake news, jak se rod\u00ed youtuber, n\u00e1vykovost digit\u00e1ln\u00edch obsah\u016f apod.<\/figcaption><\/figure><\/div><\/div>\n<\/div>\n\n\n\n<div class=\"is-layout-flex wp-container-6 wp-block-columns\">\n<div class=\"is-layout-flow wp-block-column\"><div class=\"wp-block-image\">\n<figure class=\"aligncenter size-full\"><img decoding=\"async\" loading=\"lazy\" width=\"405\" height=\"226\" src=\"https:\/\/slowtechinstitute.org\/wp-content\/uploads\/2024\/04\/Screenshot-2024-04-18-at-21-30-29-Husta-Lida-si-to-hlida.png\" alt=\"\" class=\"wp-image-1848\" srcset=\"https:\/\/slowtechinstitute.org\/wp-content\/uploads\/2024\/04\/Screenshot-2024-04-18-at-21-30-29-Husta-Lida-si-to-hlida.png 405w, https:\/\/slowtechinstitute.org\/wp-content\/uploads\/2024\/04\/Screenshot-2024-04-18-at-21-30-29-Husta-Lida-si-to-hlida-300x167.png 300w\" sizes=\"(max-width: 405px) 100vw, 405px\" \/><figcaption class=\"wp-element-caption\"><br><br><strong><a rel=\"noreferrer noopener\" href=\"https:\/\/hustalida.cz\/\" target=\"_blank\">Hust\u00e1 L\u00edda si to hl\u00edd\u00e1<\/a><\/strong><br><br>Projekt Linky bezpe\u010d\u00ed, O2 a \u010cSOB. Hlavn\u00edmi t\u00e9maty jsou nevhodn\u00fd obsah, kyber\u0161ikana, ochrana osobn\u00edch dat na internetu.Televizn\u00ed seri\u00e1l \u010cT o internetu. P\u0159\u00edstupnou a z\u00e1bavnou formou osv\u011btluje z\u00e1kladn\u00ed koncepty digit\u00e1ln\u00edch technologi\u00ed, ale i jejich n\u00e1strah. Naleznete zde d\u00edly o fakenews, z\u00e1vislostech, porovn\u00e1v\u00e1n\u00ed se na soci\u00e1ln\u00edch s\u00edt\u00edch apod.<\/figcaption><\/figure><\/div><\/div>\n\n\n\n<div class=\"is-layout-flow wp-block-column\"><div class=\"wp-block-image\">\n<figure class=\"aligncenter size-full is-resized\"><img decoding=\"async\" loading=\"lazy\" src=\"https:\/\/slowtechinstitute.org\/wp-content\/uploads\/2024\/04\/Screenshot-2024-04-18-at-21-34-44-Vis-s-kym-si-pises-Poznas-fake-kamarada-O2-Chytra-skola-edited-1.png\" alt=\"\" class=\"wp-image-1855\" width=\"423\" height=\"236\"\/><figcaption class=\"wp-element-caption\"><br><br>Video <a rel=\"noreferrer noopener\" href=\"https:\/\/o2chytraskola.cz\/novinka\/vite-s-kym-si-pise-vase-dite-pozna-fake-kamarada\" target=\"_blank\">Jak pozn\u00e1\u0161 fake kamar\u00e1da<\/a><br><br>Rozhovor s here\u010dkou filmu <a rel=\"noreferrer noopener\" href=\"https:\/\/o2chytraskola.cz\/novinka\/sabina-dlouha\" target=\"_blank\">V s\u00edti: Sabina Dlouh\u00e1: \u201eJ\u00e1 jsem si z filmu vzala nejd\u016fle\u017eit\u011bj\u0161\u00ed v\u011btu: Nikdy nepos\u00edlej nahou fotku. A i pokud se to stane, tak se sv\u011b\u0159, nikdo ti za to hlavu neutrhne.&#8220;<br><\/a><br>Rozhovor s here\u010dkou filmu V s\u00edti: <a rel=\"noreferrer noopener\" href=\"https:\/\/o2chytraskola.cz\/novinka\/anezka-pithartova\" target=\"_blank\">Ane\u017eka Pithartov\u00e1: &#8222;Mysl\u00edm si, \u017ee nejv\u011bt\u0161\u00ed \u0161koda je ut\u00edkat na soci\u00e1ln\u00ed s\u00edt\u011b a komunikovat skrze n\u011b, proto\u017ee komunikovat s lidmi na\u017eivo a sm\u00e1t se s nimi je daleko hez\u010d\u00ed.&#8220; <\/a><br><br>Rozhovor s here\u010dkou filmu V s\u00edti: <a rel=\"noreferrer noopener\" href=\"https:\/\/o2chytraskola.cz\/novinka\/tereza-tezka\" target=\"_blank\">Tereza T\u011b\u017ek\u00e1: \u201eJe d\u016fle\u017eit\u00e9 si uv\u011bdomit, co na internetu sd\u00edl\u00edte a pos\u00edl\u00e1te, proto\u017ee to, co se jednou na internet dostane, tak u\u017e nikdy nezmiz\u00ed.&#8220;<\/a>\u00a0<br><br><\/figcaption><\/figure><\/div><\/div>\n<\/div>\n\n\n\n<div class=\"is-layout-flex wp-container-9 wp-block-columns\">\n<div class=\"is-layout-flow wp-block-column\"><div class=\"wp-block-image\">\n<figure class=\"aligncenter size-full\"><img decoding=\"async\" loading=\"lazy\" width=\"425\" height=\"320\" src=\"https:\/\/slowtechinstitute.org\/wp-content\/uploads\/2024\/04\/Screenshot-2024-04-18-at-21-19-39-Nauc-tetu-na-netu.png\" alt=\"\" class=\"wp-image-1859\" srcset=\"https:\/\/slowtechinstitute.org\/wp-content\/uploads\/2024\/04\/Screenshot-2024-04-18-at-21-19-39-Nauc-tetu-na-netu.png 425w, https:\/\/slowtechinstitute.org\/wp-content\/uploads\/2024\/04\/Screenshot-2024-04-18-at-21-19-39-Nauc-tetu-na-netu-300x226.png 300w\" sizes=\"(max-width: 425px) 100vw, 425px\" \/><figcaption class=\"wp-element-caption\"><br><strong><a href=\"https:\/\/decko.ceskatelevize.cz\/datova-lhota\" target=\"_blank\" rel=\"noreferrer noopener\">Datov\u00e1 lhota<\/a><\/strong><br><br>Minis\u00e9rie s doprovodn\u00fdmi materi\u00e1ly od \u010cT Edu. T\u00e9matem jsou po\u010d\u00edta\u010de, software, data, viry apod. Kr\u00e1tk\u00e9 filmy srozumiteln\u011b popisuj\u00ed z\u00e1kladn\u00ed temata digit\u00e1ln\u00ed gramotnosti.<br><\/figcaption><\/figure><\/div><\/div>\n\n\n\n<div class=\"is-layout-flow wp-block-column\"><div class=\"wp-block-image\">\n<figure class=\"aligncenter size-full\"><img decoding=\"async\" loading=\"lazy\" width=\"434\" height=\"320\" src=\"https:\/\/slowtechinstitute.org\/wp-content\/uploads\/2024\/04\/Screenshot-2024-04-18-at-21-17-50-Datova-Lhota-1.png\" alt=\"\" class=\"wp-image-1862\" srcset=\"https:\/\/slowtechinstitute.org\/wp-content\/uploads\/2024\/04\/Screenshot-2024-04-18-at-21-17-50-Datova-Lhota-1.png 434w, https:\/\/slowtechinstitute.org\/wp-content\/uploads\/2024\/04\/Screenshot-2024-04-18-at-21-17-50-Datova-Lhota-1-300x221.png 300w\" sizes=\"(max-width: 434px) 100vw, 434px\" \/><figcaption class=\"wp-element-caption\"><br><strong><a href=\"https:\/\/decko.ceskatelevize.cz\/dva3\" target=\"_blank\" rel=\"noreferrer noopener\">Dva3<\/a><\/strong><br><br>Televizn\u00ed seri\u00e1l \u010cT o hr\u00e1ch, jejich historii, tvo\u0159en\u00ed a novink\u00e1ch.<br><\/figcaption><\/figure><\/div><\/div>\n<\/div>","protected":false},"excerpt":{"rendered":"<p>Rodi\u010de se po vyposlechnut\u00ed rodi\u010dovsk\u00e9 p\u0159edn\u00e1\u0161ky \u010dasto ptaj\u00ed po obsaz\u00edch, kter\u00e9 mohou sd\u00edlet s d\u011btmi. Ano, o spoust\u011b v\u011bc\u00ed je t\u011b\u017ek\u00e9 mluvit, kdy\u017e na to nejsme zvykl\u00ed, mnoho v\u011bc\u00ed nezn\u00e1me a sami se pot\u0159ebujeme p\u0159iu\u010dit. Na\u0161t\u011bst\u00ed vznik\u00e1 st\u00e1le v\u00edce vide\u00ed a minis\u00e9ri\u00ed o problematice digit\u00e1ln\u00edho prost\u0159ed\u00ed, kter\u00e9 m\u016f\u017eeme jako pomocn\u00edky vyu\u017e\u00edt. N\u00ed\u017ee je v\u00fd\u010det t\u011bch, se kter\u00fdmi m\u00e1me dobrou zku\u0161enost&#8230;.<\/p>","protected":false},"author":1,"featured_media":0,"parent":0,"menu_order":0,"comment_status":"closed","ping_status":"closed","template":"my-templates\/template-fullwidth.php","meta":[],"_links":{"self":[{"href":"https:\/\/slowtechinstitute.org\/en\/wp-json\/wp\/v2\/pages\/1833"}],"collection":[{"href":"https:\/\/slowtechinstitute.org\/en\/wp-json\/wp\/v2\/pages"}],"about":[{"href":"https:\/\/slowtechinstitute.org\/en\/wp-json\/wp\/v2\/types\/page"}],"author":[{"embeddable":true,"href":"https:\/\/slowtechinstitute.org\/en\/wp-json\/wp\/v2\/users\/1"}],"replies":[{"embeddable":true,"href":"https:\/\/slowtechinstitute.org\/en\/wp-json\/wp\/v2\/comments?post=1833"}],"version-history":[{"count":11,"href":"https:\/\/slowtechinstitute.org\/en\/wp-json\/wp\/v2\/pages\/1833\/revisions"}],"predecessor-version":[{"id":1864,"href":"https:\/\/slowtechinstitute.org\/en\/wp-json\/wp\/v2\/pages\/1833\/revisions\/1864"}],"wp:attachment":[{"href":"https:\/\/slowtechinstitute.org\/en\/wp-json\/wp\/v2\/media?parent=1833"}],"curies":[{"name":"wp","href":"https:\/\/api.w.org\/{rel}","templated":true}]}}