{"id":1726,"date":"2023-06-02T11:29:33","date_gmt":"2023-06-02T09:29:33","guid":{"rendered":"https:\/\/slowtechinstitute.org\/?page_id=1726"},"modified":"2023-06-12T21:00:49","modified_gmt":"2023-06-12T19:00:49","slug":"dospivajici-a-porno","status":"publish","type":"page","link":"https:\/\/slowtechinstitute.org\/en\/dospivajici-a-porno\/","title":{"rendered":"Dosp\u00edvaj\u00edc\u00ed a porno"},"content":{"rendered":"<style id=\"kb-rowlayout_a41f20-ed\">#kt-layout-id_a41f20-ed > .kt-row-column-wrap.kb-theme-content-width{max-width:1170px;}#kt-layout-id_a41f20-ed > .kt-row-column-wrap{padding-top:0px;}<\/style>\n<div class=\"wp-block-kadence-rowlayout alignnone\"><div id=\"kt-layout-id_a41f20-ed\" class=\"kt-row-layout-inner kt-layout-id_a41f20-ed\"><div class=\"kt-row-column-wrap kt-has-1-columns kt-gutter-default kt-v-gutter-default kt-row-valign-top kt-row-layout-equal kt-tab-layout-inherit kt-m-colapse-left-to-right kt-mobile-layout-row kb-theme-content-width\">\n<div class=\"wp-block-kadence-column inner-column-1 kadence-column_f6e9a2-b7\"><div class=\"kt-inside-inner-col\"><style id=\"kb-rowlayout_628796-e0\">#kt-layout-id_628796-e0{margin-bottom:35px;border-color:var(--global-palette6, #718096);border-bottom-width:1px;}#kt-layout-id_628796-e0 > .kt-row-column-wrap{padding-top:0px;padding-bottom:35px;}<\/style>\n<div class=\"wp-block-kadence-rowlayout alignnone\"><div id=\"kt-layout-id_628796-e0\" class=\"kt-row-layout-inner kt-layout-id_628796-e0\"><div class=\"kt-row-column-wrap kt-has-2-columns kt-gutter-widest kt-v-gutter-default kt-row-valign-middle kt-row-layout-equal kt-tab-layout-inherit kt-m-colapse-left-to-right kt-mobile-layout-row\">\n<div class=\"wp-block-kadence-column inner-column-1 kadence-column_903263-6e\"><div class=\"kt-inside-inner-col\">\n<p>Komunikace s dosp\u00edvaj\u00edc\u00edmi o pornografii m\u016f\u017ee b\u00fdt obzvl\u00e1\u0161\u0165 komplikovan\u00e1, rozhodn\u011b je ale dobr\u00e9 od n\u00ed neut\u00edkat. Online pornografie m\u016f\u017ee zp\u016fsobovat problematick\u00e9, \u010di nerealistick\u00e9 p\u0159edstavy o sexu, nespokojenost s vlastn\u00edm t\u011blem, \u010di zp\u016fsobovat z\u00e1vislostn\u00ed jedn\u00e1n\u00ed. V tomto \u010dl\u00e1nkuse do\u010dtete o z\u00e1sad\u00e1ch a tipech na komunikaci. Jist\u011b nep\u0159ehl\u00e9dn\u011bte d\u0159\u00edv\u011bj\u0161\u00ed text na toto t\u00e9ma: <a href=\"https:\/\/slowtechinstitute.org\/en\/porno-konverzace\/\">Porno-konverzace<\/a>.<\/p>\n\n\n\n<h4>Z\u00e1sada 1: Informace a komunikace. Aneb nevytv\u00e1\u0159ejte okolo sexu \u017e\u00e1dn\u00e1 tabu<\/h4>\n\n\n\n<p>D\u011btem v&nbsp;naprost\u00e9 v\u011bt\u0161in\u011b p\u0159\u00edpad\u016f chyb\u00ed v\u010dasn\u00e1 a kvalitn\u00ed sexu\u00e1ln\u00ed v\u00fdchova. Mnohdy doch\u00e1z\u00ed k&nbsp;nedorozum\u011bn\u00ed, kdy rodi\u010de o\u010dek\u00e1vaj\u00ed, \u017ee sexu\u00e1ln\u00ed v\u00fdchovu zajist\u00ed \u0161kola a \u0161kola zase p\u0159edpokl\u00e1d\u00e1, \u017ee je to dom\u00e9nou rodiny. V&nbsp;\u010cesk\u00e9 republice se sexu\u00e1ln\u00ed v\u00fdchova v&nbsp;r\u00e1mcov\u00fdch vzd\u011bl\u00e1vac\u00edch pl\u00e1nech pro \u0161koly objevuje a\u017e na druh\u00e9m stupni, co\u017e je p\u0159\u00edli\u0161 pozd\u011b. Pokud jsou n\u011bkter\u00e9 \u0161koly tak progresivn\u00ed a za\u0159ad\u00ed ji d\u0159\u00edve, nez\u0159\u00eddkakdy se setkaj\u00ed s&nbsp;odporem rodi\u010d\u016f, a tak to mohou rad\u011bji vzd\u00e1t.<\/p>\n\n\n\n<p>Kdy\u017e se d\u011bti zeptaj\u00ed, nikdy je netrestejte p\u0159\u00edsn\u00fdm pohledem, neodb\u00fdvejte je. Jde o v\u011bc, jako ka\u017edou jinou a (hlavn\u011b) kdy\u017e jim neodpov\u00edte vy, Google ano. A to nechcete (zkuste se ho zeptat sami). Nemus\u00edte b\u00fdt nijak explicitn\u00ed, pou\u017e\u00edvejte jazyk p\u0159im\u011b\u0159en\u00fd v\u011bku d\u00edt\u011bte, dr\u017ete se fakt\u016f. K&nbsp;t\u00e9mat\u016fm se vracejte. Jednou \u201evelkou p\u0159edn\u00e1\u0161kou\u201c to nevy\u0159e\u0161\u00edte.<\/p>\n\n\n\n<p><\/p>\n\n\n\n<h4><strong>Z\u00e1sada 2: V\u0159elost a vztah<\/strong><\/h4>\n\n\n\n<p>I kdy\u017e se to m\u016f\u017ee zd\u00e1t vzd\u00e1len\u00e9, zejm\u00e9na budujte vztah se sv\u00fdm teenagerem. V\u00fdzkumy o pornografii st\u00e1le ukazuj\u00ed, \u017ee teenage\u0159i, kte\u0159\u00ed maj\u00ed siln\u011bj\u0161\u00ed a kvalitn\u011bj\u0161\u00ed vztah se sv\u00fdmi rodi\u010di, maj\u00ed m\u00e9n\u011b tendenc\u00ed nadu\u017e\u00edvat porno nebo jej pou\u017e\u00edvat jako \u201ecopingovou\u201c strategii (k \u0159e\u0161en\u00ed nep\u0159\u00edjemn\u00fdch pocit\u016f, k zahn\u00e1n\u00ed nudy, deprese nebo \u00fazkosti). Krom\u011b toho mlad\u00ed lid\u00e9, kte\u0159\u00ed maj\u00ed v \u017eivot\u011b dostatek aktivit, jako je sport nebo jin\u00e9 z\u00e1jmy, se k&nbsp;pornografii uchyluj\u00ed m\u00e9n\u011b.<\/p>\n<\/div><\/div>\n\n\n\n<div class=\"wp-block-kadence-column inner-column-2 kadence-column_3c71a1-fc\"><div class=\"kt-inside-inner-col\">\n<figure class=\"wp-block-image size-large\"><img decoding=\"async\" loading=\"lazy\" width=\"683\" height=\"1024\" src=\"https:\/\/slowtechinstitute.org\/wp-content\/uploads\/2023\/06\/sebastien-mouilleau-T096kjLSWxo-unsplash-683x1024.jpg\" alt=\"\" class=\"wp-image-1729\" srcset=\"https:\/\/slowtechinstitute.org\/wp-content\/uploads\/2023\/06\/sebastien-mouilleau-T096kjLSWxo-unsplash-683x1024.jpg 683w, https:\/\/slowtechinstitute.org\/wp-content\/uploads\/2023\/06\/sebastien-mouilleau-T096kjLSWxo-unsplash-200x300.jpg 200w, https:\/\/slowtechinstitute.org\/wp-content\/uploads\/2023\/06\/sebastien-mouilleau-T096kjLSWxo-unsplash-768x1152.jpg 768w, https:\/\/slowtechinstitute.org\/wp-content\/uploads\/2023\/06\/sebastien-mouilleau-T096kjLSWxo-unsplash-1024x1536.jpg 1024w, https:\/\/slowtechinstitute.org\/wp-content\/uploads\/2023\/06\/sebastien-mouilleau-T096kjLSWxo-unsplash-1365x2048.jpg 1365w, https:\/\/slowtechinstitute.org\/wp-content\/uploads\/2023\/06\/sebastien-mouilleau-T096kjLSWxo-unsplash-scaled.jpg 1707w\" sizes=\"(max-width: 683px) 100vw, 683px\" \/><\/figure>\n<\/div><\/div>\n<\/div><\/div><\/div>\n\n\n\n<div class=\"is-layout-flex wp-container-3 wp-block-columns\">\n<div class=\"is-layout-flow wp-block-column\" style=\"flex-basis:33.33%\">\n<figure class=\"wp-block-image size-large\"><img decoding=\"async\" loading=\"lazy\" width=\"683\" height=\"1024\" src=\"https:\/\/slowtechinstitute.org\/wp-content\/uploads\/2023\/06\/tim-bernhard-5DziPe-9KFs-unsplash-683x1024.jpg\" alt=\"\" class=\"wp-image-1731\" srcset=\"https:\/\/slowtechinstitute.org\/wp-content\/uploads\/2023\/06\/tim-bernhard-5DziPe-9KFs-unsplash-683x1024.jpg 683w, https:\/\/slowtechinstitute.org\/wp-content\/uploads\/2023\/06\/tim-bernhard-5DziPe-9KFs-unsplash-200x300.jpg 200w, https:\/\/slowtechinstitute.org\/wp-content\/uploads\/2023\/06\/tim-bernhard-5DziPe-9KFs-unsplash-768x1152.jpg 768w, https:\/\/slowtechinstitute.org\/wp-content\/uploads\/2023\/06\/tim-bernhard-5DziPe-9KFs-unsplash-1024x1536.jpg 1024w, https:\/\/slowtechinstitute.org\/wp-content\/uploads\/2023\/06\/tim-bernhard-5DziPe-9KFs-unsplash-1365x2048.jpg 1365w, https:\/\/slowtechinstitute.org\/wp-content\/uploads\/2023\/06\/tim-bernhard-5DziPe-9KFs-unsplash-scaled.jpg 1707w\" sizes=\"(max-width: 683px) 100vw, 683px\" \/><\/figure>\n<\/div>\n\n\n\n<div class=\"is-layout-flow wp-block-column\" style=\"flex-basis:66.66%\">\n<h3>Kdy\u017e zjist\u00edte, \u017ee se v\u00e1\u0161 teenager na porno d\u00edv\u00e1<\/h3>\n\n\n\n<p>Z\u016fsta\u0148te v&nbsp;klidu, <strong>nemoralizujte a nezakazujte<\/strong>. Naopak uznejte, \u017ee je \u00fapln\u011b v&nbsp;po\u0159\u00e1dku se o sex a sexualitu v&nbsp;tomto v\u011bku zaj\u00edmat. Pokud vyhled\u00e1v\u00e1 pornografii pravideln\u011b, zva\u017ete <strong>rozhovor <\/strong>o tom, pro\u010d to d\u011bl\u00e1. Pokud vyhled\u00e1v\u00e1 pornografii kv\u016fli informac\u00edm o sexu, pomozte mu naj\u00edt lep\u0161\u00ed zdroje.<\/p>\n\n\n\n<h4>Porno vs. zdrav\u00fd sex<\/h4>\n\n\n\n<p>I kdy\u017e se n\u00e1m to mo\u017en\u00e1 zd\u00e1 jako zbyte\u010dn\u00e9 nebo absurdn\u00ed, je opravdu z\u00e1sadn\u00ed, va\u0161e teenagery nau\u010dit, jak se li\u0161\u00ed zdrav\u00e1 intimita od toho, co vid\u00edme v&nbsp;b\u011b\u017en\u00e9 pornografii. \u017de porno je n\u011bco jako p\u0159ehnan\u00fd a extr\u00e9mn\u011b sest\u0159\u00edhan\u00fd ak\u010dn\u00ed film a neodr\u00e1\u017e\u00ed realitu intimity v\u011bt\u0161iny lid\u00ed. V&nbsp;pornografii v\u011bt\u0161inou chyb\u00ed n\u011bha, vz\u00e1jemn\u00e1 \u00facta, souhlas se sexem, ale i dotyky, a vz\u00e1jemnou radost. \u017de porno mo\u017en\u00e1 prezentuje fantazie, ty ale nen\u00ed v\u017edy t\u0159eba za\u017e\u00edt ve skute\u010dnosti a \u017ee nelze o\u010dek\u00e1vat, \u017ee oni sami, ani jejich re\u00e1ln\u00ed intimn\u00ed partne\u0159i nemus\u00ed nic takov\u00e9ho cht\u00edt provozovat a je to naprosto v&nbsp;po\u0159\u00e1dku.<\/p>\n\n\n\n<h4>Pro\u010d?<\/h4>\n\n\n\n<p>Pokud vyhled\u00e1v\u00e1 pornografii kv\u016fli sexu\u00e1ln\u00edmu vzru\u0161en\u00ed, mluvte o tom, na jak\u00e9 filmy se d\u00edv\u00e1, jak \u010dasto a pro\u010d. Ukazuje se, \u017ee motiv je d\u016fle\u017eit\u00fdm prediktorem p\u0159\u00edpadn\u011b problematick\u00e9ho sledov\u00e1n\u00ed pornografie. To \u010dasto souvis\u00ed s&nbsp;motivy jako: vyhled\u00e1v\u00e1n\u00ed pornografick\u00e9ho materi\u00e1lu pro \u010dast\u00e9 sexu\u00e1ln\u00ed pot\u011b\u0161en\u00ed, podpory nejr\u016fzn\u011bj\u0161\u00edch fantazi\u00ed, z&nbsp;nudy a pro emocion\u00e1ln\u00ed rozpt\u00fdlen\u00ed, nebo pro sn\u00ed\u017een\u00ed stresu. Naopak vyhled\u00e1v\u00e1n\u00ed pornografie z&nbsp;d\u016fvodu sexu\u00e1ln\u00ed zv\u011bdavosti, nedostatku sexu\u00e1ln\u00edho uspokojen\u00ed a za \u00fa\u010delem sebepozn\u00e1v\u00e1n\u00ed \u010dast\u011bji s problematick\u00fdm pou\u017e\u00edv\u00e1n\u00edm pornografie nesouvis\u00ed.<\/p>\n<\/div>\n<\/div>\n\n\n\n<p><\/p>\n\n\n\n<h4>Hlavn\u00ed z\u00e1sady, kter\u00e9 by v\u0161ichni dosp\u00edvaj\u00edc\u00ed m\u011bli v\u011bd\u011bt<\/h4>\n\n\n\n<ol>\n<li>Porno nen\u00ed realita<\/li>\n\n\n\n<li>Neo\u010dek\u00e1vej, \u017ee se tv\u00e9\/mu partnerce\/ovi bude l\u00edbit v\u0161echno, co jsi vid\u011bl\/a v pornu. Ptej se, co se jim l\u00edb\u00ed a co ne.<\/li>\n\n\n\n<li>Neo\u010dek\u00e1vej, \u017ee tv\u00e9 t\u011blo (nebo t\u011blo tv\u00e9\/ho partnera\/ky) bude reagovat stejn\u011b, jako to je to zobrazeno v pornu.<\/li>\n\n\n\n<li>Neo\u010dek\u00e1vej, \u017ee sexu\u00e1ln\u00ed praktiky z&nbsp;pornografie jsou v\u017edy p\u0159\u00edjemn\u00e9. Mnohdy jsou tam proto, \u017ee vypadaj\u00ed dob\u0159e na kame\u0159e, ne kv\u016fli kvalitn\u00edmu sexu.<\/li>\n\n\n\n<li>Vyhled\u00e1vej sp\u00ed\u0161e kvalitn\u00ed zdroje sexu\u00e1ln\u00ed v\u00fdchovy jako knihy nebo workshopy, kter\u00e9 ti pomohou rozvinout p\u0159\u00edjemn\u00e9 techniky.<\/li>\n\n\n\n<li>Souhlas se sexem nade v\u0161e. Konsent, souhlas, \u010di jak chcete &#8211; v sexualit\u011b je dovoleno jen to, co schv\u00e1l\u00ed ten druh\u00fd. Dobrou konverzaci m\u016f\u017ee rozproudit skv\u011bl\u00e9 britsk\u00e9 video <a href=\"https:\/\/www.youtube.com\/watch?v=2Im5KQM_xLM&amp;t=1s&amp;ab_channel=B%C3%ADl%C3%BDkruhbezpe%C4%8D%C3%AD\" target=\"_blank\" rel=\"noreferrer noopener\">Souhlas jako \u0161\u00e1lek \u010daje<\/a>.<\/li>\n<\/ol>\n\n\n\n<div class=\"is-layout-flex wp-container-6 wp-block-columns\">\n<div class=\"is-layout-flow wp-block-column\">\n<h4><strong>Co ne\u0159\u00edkat<\/strong><\/h4>\n\n\n\n<p>Sna\u017ete se neuv\u00e1d\u011bt sv\u00e9 d\u00edt\u011b do rozpak\u016f, co\u017e s n\u011bjv\u011bt\u0161\u00ed pravd\u011bpodobnost\u00ed zp\u016fsob\u00ed, \u017ee se v\u00e1m p\u0159\u00ed\u0161t\u011b sv\u011b\u0159\u00ed. Ne\u0159\u00edkejte:<br><br><em>&#8222;Kdo ti to uk\u00e1zal?&#8220;<br>&#8222;Kde jsi to na\u0161el?&#8220;<br>&#8222;Pro\u010d se na to d\u00edv\u00e1\u0161?&#8220;<br>&#8222;Porno je \u0161patn\u00e9\/zl\u00e9\/\u0161pinav\u00e9.&#8220; (negativita nepom\u016f\u017ee)<br>&#8222;M\u016f\u017ee\u0161 mi \u0159\u00edct, co u\u017e o tom v\u00ed\u0161?&#8220; <br>&#8222;Nem\u011bla by ses na to d\u00edvat.&#8220;<br>&#8222;Co si mysl\u00ed\u0161, \u017ee d\u011bl\u00e1\u0161?&#8220; <br>&#8222;Nem\u016f\u017eu uv\u011b\u0159it, \u017ee jsi to ud\u011blal.&#8220;<\/em><\/p>\n<\/div>\n\n\n\n<div class=\"is-layout-flow wp-block-column\">\n<h4>Nemluvte o tom, jak je to \u0161patn\u00e9. Mluvte o tom, co porno je a co znamen\u00e1<\/h4>\n\n\n\n<ul>\n<li>Kdo porno vytv\u00e1\u0159\u00ed a pro\u010d?<\/li>\n\n\n\n<li>Kdo z toho m\u00e1 pen\u00edze?<\/li>\n\n\n\n<li>Mysl\u00ed\u0161, \u017ee v\u0161ichni herci a here\u010dky souhlas\u00ed s t\u00edm, co se na sc\u00e9n\u011b d\u011bje? Mysl\u00ed\u0161, \u017ee souhlas\u00ed s t\u00edm, \u017ee ta videa jsou zdarma na internetu?<\/li>\n\n\n\n<li>Jak\u00e9 typy porna t\u011b obvykle zaj\u00edmaj\u00ed? Jak\u00fd obraz o sexualit\u011b ti to v hlav\u011b vytv\u00e1\u0159\u00ed?<\/li>\n\n\n\n<li>Kter\u00e9 typy t\u011b ovliv\u0148uj\u00ed pozitivn\u011b a kter\u00e9 negativn\u011b?<\/li>\n\n\n\n<li>Odr\u00e1\u017e\u00ed n\u011bkter\u00e9 \u0161kodliv\u00e9 stereotypy? <\/li>\n\n\n\n<li>Jak\u00fd vztah k vlastn\u00edmu t\u011blu ti porno buduje? M\u00e1\u0161 lep\u0161\u00ed vztah k tomu, jak vypad\u00e1\u0161 apod.?<\/li>\n<\/ul>\n<\/div>\n<\/div>\n\n\n\n<h4>Knihy k\u00a0sexu\u00e1ln\u00ed v\u00fdchov\u011b<\/h4>\n\n\n\n<p>Zde je soubor knih o sexualit\u011b, kter\u00e9 jsou vhodn\u00e9 pro r\u016fzn\u00e9 v\u011bkov\u00e9 kategorie d\u011bt\u00ed. POZOR: Je vhodn\u00e9 se na n\u011b p\u0159edem pod\u00edvat. Ka\u017ed\u00e9 d\u00edt\u011b a ka\u017ed\u00e1 rodina je jin\u00e1, ka\u017ed\u00e9mu bude (ne)vyhovovat n\u011bco jin\u00e9ho.<\/p>\n\n\n\n<ul>\n<li>Inti Chavez Perez: Respekt &#8211; V\u0161echno, co kluci pot\u0159ebuj\u00ed v\u011bd\u011bt o sexu a l\u00e1sce<\/li>\n\n\n\n<li>Nina Brochmann &amp; Ellen St\u00f8kken Dahl: Hol\u010di\u010d\u00ed kniha: Up\u0159\u00edmn\u00fd pr\u016fvodce pubertou <\/li>\n\n\n\n<li>Jen Gunter: Bible vag\u00edny <\/li>\n\n\n\n<li>Dana-Sofie \u0160lancarov\u00e1: Mal\u00e1 velk\u00e1 cyklick\u00e1 d\u00edvka S\u00e1ra <\/li>\n\n\n\n<li>Grethe Fagerstr\u00f6m &amp; Gunilla Hansson: Petr, Ida a miminko kniha<\/li>\n\n\n\n<li>Kristen Jenson: Dobr\u00e9 a \u0161patn\u00e9 obr\u00e1zky<\/li>\n<\/ul>\n\n\n\n<p><\/p>\n\n\n\n<h3>Z\u00e1vislost na pornografii?<\/h3>\n\n\n\n<p>V&nbsp;p\u0159\u00edpad\u011b v\u00fdrazn\u011b problematick\u00e9ho u\u017e\u00edv\u00e1n\u00ed pornografie je dobr\u00e9 konzultovat s&nbsp;odborn\u00edky \u2013 adiktologem, psychologem, psychiatrem. Vhodn\u00e9 tipy tak\u00e9 naleznete na <a rel=\"noreferrer noopener\" href=\"https:\/\/www.psychologytoday.com\/us\/blog\/fixing-families\/202102\/addicted-porn-how-get-back-in-control\" target=\"_blank\">Psychology Today<\/a> a \u010desk\u00e9m <a href=\"https:\/\/nepornu.cz\/\" target=\"_blank\" rel=\"noreferrer noopener\">NePornu<\/a>.<\/p>\n<\/div><\/div>\n<\/div><\/div><\/div>","protected":false},"excerpt":{"rendered":"<p>Komunikace s dosp\u00edvaj\u00edc\u00edmi o pornografii m\u016f\u017ee b\u00fdt obzvl\u00e1\u0161\u0165 komplikovan\u00e1, rozhodn\u011b je ale dobr\u00e9 od n\u00ed neut\u00edkat. Online pornografie m\u016f\u017ee zp\u016fsobovat problematick\u00e9, \u010di nerealistick\u00e9 p\u0159edstavy o sexu, nespokojenost s vlastn\u00edm t\u011blem, \u010di zp\u016fsobovat z\u00e1vislostn\u00ed jedn\u00e1n\u00ed. V tomto \u010dl\u00e1nkuse do\u010dtete o z\u00e1sad\u00e1ch a tipech na komunikaci. Jist\u011b nep\u0159ehl\u00e9dn\u011bte d\u0159\u00edv\u011bj\u0161\u00ed text na toto t\u00e9ma: Porno-konverzace. Z\u00e1sada 1: Informace a komunikace. Aneb nevytv\u00e1\u0159ejte okolo&#8230;<\/p>","protected":false},"author":1,"featured_media":0,"parent":0,"menu_order":0,"comment_status":"closed","ping_status":"closed","template":"my-templates\/template-fullwidth.php","meta":[],"_links":{"self":[{"href":"https:\/\/slowtechinstitute.org\/en\/wp-json\/wp\/v2\/pages\/1726"}],"collection":[{"href":"https:\/\/slowtechinstitute.org\/en\/wp-json\/wp\/v2\/pages"}],"about":[{"href":"https:\/\/slowtechinstitute.org\/en\/wp-json\/wp\/v2\/types\/page"}],"author":[{"embeddable":true,"href":"https:\/\/slowtechinstitute.org\/en\/wp-json\/wp\/v2\/users\/1"}],"replies":[{"embeddable":true,"href":"https:\/\/slowtechinstitute.org\/en\/wp-json\/wp\/v2\/comments?post=1726"}],"version-history":[{"count":10,"href":"https:\/\/slowtechinstitute.org\/en\/wp-json\/wp\/v2\/pages\/1726\/revisions"}],"predecessor-version":[{"id":1750,"href":"https:\/\/slowtechinstitute.org\/en\/wp-json\/wp\/v2\/pages\/1726\/revisions\/1750"}],"wp:attachment":[{"href":"https:\/\/slowtechinstitute.org\/en\/wp-json\/wp\/v2\/media?parent=1726"}],"curies":[{"name":"wp","href":"https:\/\/api.w.org\/{rel}","templated":true}]}}