{"id":1600,"date":"2023-02-05T11:30:47","date_gmt":"2023-02-05T10:30:47","guid":{"rendered":"https:\/\/slowtechinstitute.org\/?page_id=1600"},"modified":"2023-02-05T11:30:48","modified_gmt":"2023-02-05T10:30:48","slug":"rodicovsky-pruvodce-dzungli-digitalniho-detstvi-a-puberty","status":"publish","type":"page","link":"https:\/\/slowtechinstitute.org\/en\/rodicovsky-pruvodce-dzungli-digitalniho-detstvi-a-puberty\/","title":{"rendered":"Rodi\u010dovsk\u00fd pr\u016fvodce d\u017eungl\u00ed digit\u00e1ln\u00edho d\u011btstv\u00ed a puberty"},"content":{"rendered":"<style id=\"kb-rowlayout_1f2999-05\">#kt-layout-id_1f2999-05 > .kt-row-column-wrap.kb-theme-content-width{max-width:1170px;}#kt-layout-id_1f2999-05 > .kt-row-column-wrap{padding-top:65px;padding-bottom:0px;}<\/style>\n<div class=\"wp-block-kadence-rowlayout alignnone\"><div id=\"kt-layout-id_1f2999-05\" class=\"kt-row-layout-inner kt-layout-id_1f2999-05\"><div class=\"kt-row-column-wrap kt-has-2-columns kt-gutter-default kt-v-gutter-default kt-row-valign-middle kt-row-layout-equal kt-tab-layout-inherit kt-m-colapse-left-to-right kt-mobile-layout-row kb-theme-content-width\">\n<div class=\"wp-block-kadence-column inner-column-1 kadence-column_1f39c2-b7\"><div class=\"kt-inside-inner-col\">\n<blockquote class=\"wp-block-quote\">\n<p>Zakladatelka iniciativy Digit\u00e1ln\u00ed zdrav\u00ed d\u011bt\u00ed, Michaela Slussareff napsala knihu\u00a0<em>Hry, s\u00edt\u011b, porno. Rodi\u010dovsk\u00fd pr\u016fvodce d\u017eungl\u00ed digit\u00e1ln\u00edho d\u011btstv\u00ed a puberty<\/em>.\u00a0<\/p>\n<\/blockquote>\n<\/div><\/div>\n\n\n\n<div class=\"wp-block-kadence-column inner-column-2 kadence-column_e49caf-a6\"><div class=\"kt-inside-inner-col\">\n<figure class=\"wp-block-image size-large\"><a href=\"https:\/\/www.youtube.com\/watch?v=SaQnE5mc9sM&amp;ab_channel=JanMelvilPublishing\" target=\"_blank\" rel=\"noreferrer noopener\"><img decoding=\"async\" loading=\"lazy\" width=\"1024\" height=\"577\" src=\"https:\/\/slowtechinstitute.org\/wp-content\/uploads\/2023\/02\/video-HSP-1024x577.png\" alt=\"\" class=\"wp-image-1601\" srcset=\"https:\/\/slowtechinstitute.org\/wp-content\/uploads\/2023\/02\/video-HSP-1024x577.png 1024w, https:\/\/slowtechinstitute.org\/wp-content\/uploads\/2023\/02\/video-HSP-300x169.png 300w, https:\/\/slowtechinstitute.org\/wp-content\/uploads\/2023\/02\/video-HSP-768x432.png 768w, https:\/\/slowtechinstitute.org\/wp-content\/uploads\/2023\/02\/video-HSP.png 1156w\" sizes=\"(max-width: 1024px) 100vw, 1024px\" \/><\/a><\/figure>\n<\/div><\/div>\n<\/div><\/div><\/div>\n\n\n\n<p><a href=\"https:\/\/www.pickey.cz\/p\/aa22ef432fe6ded712283eba18412554\" target=\"_blank\" rel=\"noreferrer noopener\">Prvn\u00ed ve\u0159ejn\u00e1 recenze knihy<\/a>&nbsp;nap\u0159\u00edklad zmi\u0148uje:&nbsp;<\/p>\n\n\n\n<p>Jedn\u00edm z&nbsp;leitmotiv\u016f titulu je snaha Michaely Slussareff nep\u0159id\u00e1vat u\u017e tak nerv\u00f3zn\u00edm rodi\u010d\u016fm d\u016fvody k&nbsp;panice \u010di v\u00fd\u010ditk\u00e1m sv\u011bdom\u00ed \u2013 autorka knihy, matka dvou d\u011bt\u00ed, dob\u0159e v\u00ed, \u017ee ty si snadno obstaraj\u00ed sv\u00e9pomoc\u00ed.<\/p>\n\n\n\n<p>V jednotliv\u00fdch sekc\u00edch se emoce \u010dten\u00e1\u0159\u016fm vnucuj\u00ed samy: p\u0159i pojedn\u00e1n\u00ed o vlivu obrazovek na rozvoj d\u011btsk\u00e9ho intelektu mohou zpytovat sv\u011bdom\u00ed, zdali v minulosti nemohli ob\u011btovat v\u00edc ze sv\u00e9ho pohodl\u00ed (nebo p\u0159\u00edle\u017eitost\u00ed k pr\u00e1ci) a razantn\u011bji je omezit, jestli se dostate\u010dn\u011b zaj\u00edmaj\u00ed o to, co jejich d\u011bti hraj\u00ed (pokud n\u011bco hraj\u00ed), nebo jestli jim dok\u00e1\u017e\u00ed srozumiteln\u011b vysv\u011btlit, pro\u010d je\u0161t\u011b nedostanou mobiln\u00ed telefon.<\/p>\n\n\n\n<p>Slussareff se da\u0159\u00ed do tohoto emocemi nabit\u00e9ho prostoru vstupovat nekazatelsk\u00fdm zp\u016fsobem, kter\u00fd bere na v\u011bdom\u00ed, \u017ee okolnosti \u017eivota v ka\u017ed\u00e9 rodin\u011b jsou jin\u00e9 a rozd\u00edly v povah\u00e1ch rodi\u010d\u016f i d\u011bt\u00ed vylu\u010duj\u00ed, aby bylo mo\u017en\u00e9 d\u00e1t v\u0161em stejn\u00fd n\u00e1vod.<\/p>\n\n\n\n<p>Mimochodem, kapitola v\u011bnovan\u00e1 soci\u00e1ln\u00edm s\u00edt\u00edm je p\u0159ekvapiv\u011b u\u017eite\u010dn\u00e1 i jejich dosp\u011bl\u00fdm u\u017eivatel\u016fm: ano, v\u011bt\u0161ina z n\u00e1s vid\u011bla nebo \u010detla z\u00e1plavu dokument\u016f, kter\u00e9 vysv\u011btluj\u00ed fungov\u00e1n\u00ed algoritm\u016f \u0159\u00edd\u00edc\u00edch v\u00fdb\u011br a \u0159azen\u00ed obsahu, finan\u010dn\u00ed modely, kter\u00e9 za s\u00edt\u011bmi stoj\u00ed, nebo t\u0159eba politickou agendu, ji\u017e pom\u00e1haj\u00ed posilovat \u010di pot\u00edrat, ale v \u0161ir\u0161\u00edch souvislostech mohou zapadnout jednoduch\u00e9 a praktick\u00e9 pravdy, nap\u0159\u00edklad:<\/p>\n\n\n\n<p>M\u00e1\u0161-li p\u0159ed n\u00e1v\u0161t\u011bvou soci\u00e1ln\u00edch s\u00edt\u00ed \u0161patnou n\u00e1ladu, je pravd\u011bpodobn\u00e9, ne-li jist\u00e9, \u017ee ti ji s\u00edt\u011b b\u011bhem p\u00e1r minut zhor\u0161\u00ed.<\/p>\n\n\n\n<p>Michaela Slussareff p\u0159i putov\u00e1n\u00ed digit\u00e1ln\u00edm sv\u011btem postupuje podle vzorce \u201efakta \u2013 kontext \u2013 a co s t\u00edm\u201c a stejn\u011b je stav\u011bn\u00e1 i kapitola o pornu. Slussareff ji uzav\u00edr\u00e1 souborem vzorov\u00fdch konverzac\u00ed s d\u011btmi r\u016fzn\u00e9ho v\u011bku, jimi\u017e se rodi\u010de mohou inspirovat. P\u0159esto\u017ee jsou navrhovan\u00e9 dialogy m\u00edsty roztomile hyperkorektn\u00ed, jsou pou\u017eiteln\u00e9, i kdy\u017e se dosp\u011bl\u00fdm o t\u00e9matu s d\u011btmi mluvit nechce, anebo na ni nemaj\u00ed n\u00e1ladu d\u011bti.<\/p>\n\n\n\n<p>V ide\u00e1ln\u00edm p\u0159\u00edpad\u011b v\u0161ak u\u017e z\u00e1v\u011brem knihy dosp\u011bl\u00ed v\u011bd\u00ed, \u017ee pokud hovor o hr\u00e1ch, s\u00edt\u00edch nebo pornografii neza\u010dnou s d\u011btmi sami, m\u016f\u017ee se st\u00e1t, \u017ee pozd\u011bji u\u017e jen pob\u011b\u017e\u00ed za vozem \u2013 na kter\u00e9m bude sed\u011bt jejich m\u00edrn\u011b ot\u0159esen\u00e9 d\u00edt\u011b.<\/p>\n\n\n\n<p>Prolistujte si uk\u00e1zkovou kapitolu z knihy&nbsp;<a href=\"https:\/\/www.melvil.cz\/wp-content\/uploads\/2022\/03\/Doplnkove-materialy-hrySitePorno.zip\" target=\"_blank\" rel=\"noreferrer noopener\">zde<\/a>.<\/p>\n\n\n\n<p>V\u00edce o knize a mo\u017enost n\u00e1kupu naleznete na str\u00e1nk\u00e1ch nakladatelstv\u00ed&nbsp;<a href=\"https:\/\/www.melvil.cz\/kniha-hry-site-porno\/\" target=\"_blank\" rel=\"noreferrer noopener\">Jan Melvil Publishing<\/a>.<\/p>","protected":false},"excerpt":{"rendered":"<p>Zakladatelka iniciativy Digit\u00e1ln\u00ed zdrav\u00ed d\u011bt\u00ed, Michaela Slussareff napsala knihu\u00a0Hry, s\u00edt\u011b, porno. Rodi\u010dovsk\u00fd pr\u016fvodce d\u017eungl\u00ed digit\u00e1ln\u00edho d\u011btstv\u00ed a puberty.\u00a0 Prvn\u00ed ve\u0159ejn\u00e1 recenze knihy&nbsp;nap\u0159\u00edklad zmi\u0148uje:&nbsp; Jedn\u00edm z&nbsp;leitmotiv\u016f titulu je snaha Michaely Slussareff nep\u0159id\u00e1vat u\u017e tak nerv\u00f3zn\u00edm rodi\u010d\u016fm d\u016fvody k&nbsp;panice \u010di v\u00fd\u010ditk\u00e1m sv\u011bdom\u00ed \u2013 autorka knihy, matka dvou d\u011bt\u00ed, dob\u0159e v\u00ed, \u017ee ty si snadno obstaraj\u00ed sv\u00e9pomoc\u00ed. V jednotliv\u00fdch sekc\u00edch se emoce \u010dten\u00e1\u0159\u016fm&#8230;<\/p>","protected":false},"author":1,"featured_media":0,"parent":0,"menu_order":0,"comment_status":"closed","ping_status":"closed","template":"my-templates\/template-fullwidth.php","meta":[],"_links":{"self":[{"href":"https:\/\/slowtechinstitute.org\/en\/wp-json\/wp\/v2\/pages\/1600"}],"collection":[{"href":"https:\/\/slowtechinstitute.org\/en\/wp-json\/wp\/v2\/pages"}],"about":[{"href":"https:\/\/slowtechinstitute.org\/en\/wp-json\/wp\/v2\/types\/page"}],"author":[{"embeddable":true,"href":"https:\/\/slowtechinstitute.org\/en\/wp-json\/wp\/v2\/users\/1"}],"replies":[{"embeddable":true,"href":"https:\/\/slowtechinstitute.org\/en\/wp-json\/wp\/v2\/comments?post=1600"}],"version-history":[{"count":1,"href":"https:\/\/slowtechinstitute.org\/en\/wp-json\/wp\/v2\/pages\/1600\/revisions"}],"predecessor-version":[{"id":1602,"href":"https:\/\/slowtechinstitute.org\/en\/wp-json\/wp\/v2\/pages\/1600\/revisions\/1602"}],"wp:attachment":[{"href":"https:\/\/slowtechinstitute.org\/en\/wp-json\/wp\/v2\/media?parent=1600"}],"curies":[{"name":"wp","href":"https:\/\/api.w.org\/{rel}","templated":true}]}}