{"id":1576,"date":"2023-02-05T11:13:05","date_gmt":"2023-02-05T10:13:05","guid":{"rendered":"https:\/\/slowtechinstitute.org\/?page_id=1576"},"modified":"2023-02-05T11:13:06","modified_gmt":"2023-02-05T10:13:06","slug":"deti-ve-svete-medii-ctyri-tipy-jak-jim-pomoci-se-v-nem-zorientovat","status":"publish","type":"page","link":"https:\/\/slowtechinstitute.org\/en\/deti-ve-svete-medii-ctyri-tipy-jak-jim-pomoci-se-v-nem-zorientovat\/","title":{"rendered":"D\u011bti ve sv\u011bt\u011b m\u00e9di\u00ed. \u010cty\u0159i tipy, jak jim pomoci se v n\u011bm zorientovat"},"content":{"rendered":"<style id=\"kb-rowlayout_1f2999-05\">#kt-layout-id_1f2999-05 > .kt-row-column-wrap.kb-theme-content-width{max-width:1170px;}#kt-layout-id_1f2999-05 > .kt-row-column-wrap{padding-top:65px;padding-bottom:0px;}<\/style>\n<div class=\"wp-block-kadence-rowlayout alignnone\"><div id=\"kt-layout-id_1f2999-05\" class=\"kt-row-layout-inner kt-layout-id_1f2999-05\"><div class=\"kt-row-column-wrap kt-has-2-columns kt-gutter-default kt-v-gutter-default kt-row-valign-middle kt-row-layout-equal kt-tab-layout-inherit kt-m-colapse-left-to-right kt-mobile-layout-row kb-theme-content-width\">\n<div class=\"wp-block-kadence-column inner-column-1 kadence-column_1f39c2-b7\"><div class=\"kt-inside-inner-col\">\n<blockquote class=\"wp-block-quote\">\n<p>Nejen d\u011bti, ale tak\u00e9 my rodi\u010de, jsme \u010dasto zahlcen\u00ed enormn\u00edm mno\u017estv\u00edm informac\u00ed, kter\u00e9 k n\u00e1m p\u0159ich\u00e1z\u00ed skrze media (z televiz\u00ed, telefon\u016f, soci\u00e1ln\u00edch m\u00e9di\u00ed). O to v\u00edce je dnes t\u0159eba rozv\u00edjet u d\u011bt\u00ed kritick\u00e9 my\u0161len\u00ed a u\u010dit sebe i je nep\u0159ij\u00edmat zpr\u00e1vy z m\u00e9di\u00ed jako jedinou pravdu. Jak u d\u011bt\u00ed podporovat pot\u0159ebn\u00e9 schopnosti a podpo\u0159it je v identifikov\u00e1n\u00ed r\u016fzn\u00fdch typ\u016f zpr\u00e1v a medi\u00ed?<\/p>\n<\/blockquote>\n<\/div><\/div>\n\n\n\n<div class=\"wp-block-kadence-column inner-column-2 kadence-column_e49caf-a6\"><div class=\"kt-inside-inner-col\">\n<figure class=\"wp-block-image size-large\"><img decoding=\"async\" loading=\"lazy\" width=\"1024\" height=\"576\" src=\"https:\/\/slowtechinstitute.org\/wp-content\/uploads\/2023\/02\/wfPnh3nfThG1aGca7Z5g_photo-1526470608268-f674ce90ebd4-1024x576.jpg\" alt=\"\" class=\"wp-image-1536\" srcset=\"https:\/\/slowtechinstitute.org\/wp-content\/uploads\/2023\/02\/wfPnh3nfThG1aGca7Z5g_photo-1526470608268-f674ce90ebd4-1024x576.jpg 1024w, https:\/\/slowtechinstitute.org\/wp-content\/uploads\/2023\/02\/wfPnh3nfThG1aGca7Z5g_photo-1526470608268-f674ce90ebd4-300x169.jpg 300w, https:\/\/slowtechinstitute.org\/wp-content\/uploads\/2023\/02\/wfPnh3nfThG1aGca7Z5g_photo-1526470608268-f674ce90ebd4-768x432.jpg 768w, https:\/\/slowtechinstitute.org\/wp-content\/uploads\/2023\/02\/wfPnh3nfThG1aGca7Z5g_photo-1526470608268-f674ce90ebd4.jpg 1280w\" sizes=\"(max-width: 1024px) 100vw, 1024px\" \/><\/figure>\n<\/div><\/div>\n<\/div><\/div><\/div>\n\n\n\n<p>Pod\u00edvejte se na tyto \u010dty\u0159i tipy a podpo\u0159te u sv\u00fdch d\u011bt\u00ed zdravou skepsi a kritick\u00e9 my\u0161len\u00ed.:<\/p>\n\n\n\n<ol>\n<li><strong>Kriticky se pod\u00edvejte na zpr\u00e1vy,&nbsp;novinov\u00e9 titulky apod.<\/strong><br>Pov\u00eddejte si o tom, zda nejsou zav\u00e1d\u011bj\u00edc\u00ed, zda ve zpr\u00e1v\u00e1ch nechyb\u00ed zdroje informac\u00ed a jak\u00fd m\u00e1 asi zpr\u00e1va \u00fa\u010del.<br>Seznamte d\u011bti tak\u00e9 s hoaxy, dezinformace a fale\u0161n\u00fdmi zpr\u00e1vami.&nbsp;<\/li>\n\n\n\n<li><strong>Prozkoumejte r\u016fzn\u00e9 pohledy \u00fa\u010dastn\u00edk\u016f na jeden stejn\u00fd p\u0159\u00edb\u011bh<\/strong>.<br>Pou\u017eijte vhodn\u00e9 p\u0159\u00edklady ze skute\u010dn\u00e9ho \u017eivota, abyste d\u011btem pomohli pochopit, jak se lid\u00e9 mohou li\u0161it v n\u00e1zorech a pohledu na toto\u017enou situaci. Vyberte takovou, co znaj\u00ed, ide\u00e1ln\u011b podle z\u00e1jmu a v\u011bku d\u00edt\u011bte. S mal\u00fdmi d\u011btmi si nap\u0159\u00edklad pov\u00eddejte o tom, \u017ee n\u011bkdo m\u016f\u017ee konkr\u00e9tn\u00ed hru na h\u0159i\u0161ti vn\u00edmat jako velkou z\u00e1bavu, zat\u00edmco n\u011bkdo jin\u00fd m\u016f\u017ee m\u00edt pocit, \u017ee pravidla jsou nespravedliv\u00e1. Pokud je to vhodn\u00e9, zkuste zvolen\u00fd p\u0159\u00edklad propojit s konkr\u00e9tn\u00edm zpravodajsk\u00fdm p\u0159\u00edb\u011bhem. D\u011bti si mimo jin\u00e9 uv\u011bdom\u00ed, \u017ee novin\u00e1\u0159i p\u00ed\u0161ou ze sv\u00e9 perspektivy a na\u0161e m\u016f\u017ee b\u00fdt odli\u0161n\u00e1.<\/li>\n\n\n\n<li><strong>Diskutujte o rozd\u00edlu mezi fakty a n\u00e1zory.<\/strong><br>Pod\u00edvejte se spole\u010dn\u011b s d\u011btmi na to, co je to n\u00e1zor a co je to fakt. Zahrajte si nap\u0159\u00edklad spole\u010dn\u011b jednoduchou hru &#8211; sepi\u0161te si nejprve odpov\u011bdi na n\u011bkolik ot\u00e1zek nap\u0159\u00edklad &#8211; Jak jsi vysok\u00fd? Jak\u00e9 je nejlep\u0161\u00ed j\u00eddlo na sv\u011bt\u011b? Potop\u00ed se k\u00e1men ve vod\u011b nebo se bude vzn\u00e1\u0161et? Pot\u00e9 s d\u011btmi rozd\u011blte odpov\u011bdi na fakta a na n\u00e1zory. Spole\u010dn\u011b se pod\u00edvejte do novin a zkuste op\u011bt vybrat a ozna\u010dit fakta a n\u00e1zory. Pov\u00eddejte si o tom, zda by mohly b\u00fdt n\u011bkter\u00e9 uveden\u00e9 n\u00e1zory zav\u00e1d\u011bj\u00edc\u00ed a tak\u00e9, jak by n\u00e1zor d\u011bti mohly poznat, pokud si nejsou jist\u00e9 (n\u00e1zor b\u00fdv\u00e1 ozna\u010den). Vyb\u00edrejte si r\u016fzn\u00e9 zdroje. Uka\u017ete d\u011btem, jak vy sami z\u00edsk\u00e1v\u00e1te zpr\u00e1vy a informace z r\u016fzn\u00fdch zdroj\u016f, a vysv\u011btlete jim, jak se rozhodujete. Pou\u017e\u00edvejte slova jako \u201ed\u016fv\u011bryhodn\u00fd\u201c, \u201erespektovan\u00fd\u201c \u201cnezaujat\u00fd\u201d.<\/li>\n\n\n\n<li><strong>Co po m\u011b chce reklama?<\/strong><br>Kdy\u017e vid\u00edte reklamu v televizi nebo na billboardu, po\u017e\u00e1dejte d\u011bti, aby zjistily, co reklama asi prod\u00e1v\u00e1. N\u011bkdy je to z\u0159ejm\u00e9 a n\u011bkdy ne. Zamyslete se spole\u010dn\u011b s d\u011btmi tak\u00e9 nad t\u00edm, pro\u010d se n\u011bkter\u00e9 obr\u00e1zky, zvuky nebo slova pou\u017e\u00edvaj\u00ed k prodeji ur\u010dit\u00fdch produkt\u016f. Funguje to na v\u00e1s?<\/li>\n<\/ol>\n\n\n\n<p><br><em>Zdroj: www.commonsensemedia.org, vznik materi\u00e1lu byl podpo\u0159en Nadac\u00ed O2 &#8211; Chytr\u00e1 \u0161kola<\/em><\/p>","protected":false},"excerpt":{"rendered":"<p>Nejen d\u011bti, ale tak\u00e9 my rodi\u010de, jsme \u010dasto zahlcen\u00ed enormn\u00edm mno\u017estv\u00edm informac\u00ed, kter\u00e9 k n\u00e1m p\u0159ich\u00e1z\u00ed skrze media (z televiz\u00ed, telefon\u016f, soci\u00e1ln\u00edch m\u00e9di\u00ed). O to v\u00edce je dnes t\u0159eba rozv\u00edjet u d\u011bt\u00ed kritick\u00e9 my\u0161len\u00ed a u\u010dit sebe i je nep\u0159ij\u00edmat zpr\u00e1vy z m\u00e9di\u00ed jako jedinou pravdu. Jak u d\u011bt\u00ed podporovat pot\u0159ebn\u00e9 schopnosti a podpo\u0159it je v identifikov\u00e1n\u00ed r\u016fzn\u00fdch typ\u016f zpr\u00e1v&#8230;<\/p>","protected":false},"author":1,"featured_media":0,"parent":0,"menu_order":0,"comment_status":"closed","ping_status":"closed","template":"my-templates\/template-fullwidth.php","meta":[],"_links":{"self":[{"href":"https:\/\/slowtechinstitute.org\/en\/wp-json\/wp\/v2\/pages\/1576"}],"collection":[{"href":"https:\/\/slowtechinstitute.org\/en\/wp-json\/wp\/v2\/pages"}],"about":[{"href":"https:\/\/slowtechinstitute.org\/en\/wp-json\/wp\/v2\/types\/page"}],"author":[{"embeddable":true,"href":"https:\/\/slowtechinstitute.org\/en\/wp-json\/wp\/v2\/users\/1"}],"replies":[{"embeddable":true,"href":"https:\/\/slowtechinstitute.org\/en\/wp-json\/wp\/v2\/comments?post=1576"}],"version-history":[{"count":1,"href":"https:\/\/slowtechinstitute.org\/en\/wp-json\/wp\/v2\/pages\/1576\/revisions"}],"predecessor-version":[{"id":1577,"href":"https:\/\/slowtechinstitute.org\/en\/wp-json\/wp\/v2\/pages\/1576\/revisions\/1577"}],"wp:attachment":[{"href":"https:\/\/slowtechinstitute.org\/en\/wp-json\/wp\/v2\/media?parent=1576"}],"curies":[{"name":"wp","href":"https:\/\/api.w.org\/{rel}","templated":true}]}}