{"id":1574,"date":"2023-02-05T11:10:33","date_gmt":"2023-02-05T10:10:33","guid":{"rendered":"https:\/\/slowtechinstitute.org\/?page_id=1574"},"modified":"2023-02-05T11:10:34","modified_gmt":"2023-02-05T10:10:34","slug":"sdilite-fotky-svych-deti-online-a-vite-co-je-sharenting","status":"publish","type":"page","link":"https:\/\/slowtechinstitute.org\/en\/sdilite-fotky-svych-deti-online-a-vite-co-je-sharenting\/","title":{"rendered":"Sd\u00edl\u00edte fotky sv\u00fdch d\u011bt\u00ed online? A v\u00edte, co je sharenting?"},"content":{"rendered":"<style id=\"kb-rowlayout_1f2999-05\">#kt-layout-id_1f2999-05 > .kt-row-column-wrap.kb-theme-content-width{max-width:1170px;}#kt-layout-id_1f2999-05 > .kt-row-column-wrap{padding-top:65px;padding-bottom:0px;}<\/style>\n<div class=\"wp-block-kadence-rowlayout alignnone\"><div id=\"kt-layout-id_1f2999-05\" class=\"kt-row-layout-inner kt-layout-id_1f2999-05\"><div class=\"kt-row-column-wrap kt-has-2-columns kt-gutter-default kt-v-gutter-default kt-row-valign-middle kt-row-layout-equal kt-tab-layout-inherit kt-m-colapse-left-to-right kt-mobile-layout-row kb-theme-content-width\">\n<div class=\"wp-block-kadence-column inner-column-1 kadence-column_1f39c2-b7\"><div class=\"kt-inside-inner-col\">\n<blockquote class=\"wp-block-quote\">\n<p>Sd\u00edlen\u00ed informac\u00ed na internetu se stalo v posledn\u00edch letech normou. K tomu, abyste tento jev zaznamenali, pravd\u011bpodobn\u011b nepot\u0159ebujete v\u011bdeck\u00e9 d\u016fkazy. Sta\u010d\u00ed otev\u0159\u00edt prohl\u00ed\u017ee\u010d a libovolnou soci\u00e1ln\u00ed s\u00ed\u0165. Pozorujte chv\u00edli profil sv\u00e9ho kamar\u00e1da. Hned na prvn\u00ed pohled zjist\u00edte, co d\u011blal p\u0159ed t\u00fddnem, dokonce mo\u017en\u00e1 jak\u00e9ho prezidentsk\u00e9ho kandid\u00e1ta podporuje. Pono\u0159te se trochu hloub\u011bji a budete p\u0159ekvapen\u00ed jak\u00fd druh osobn\u00edch dat ve\u0159ejnosti lid\u00e9 poskytuj\u00ed bez v\u011bt\u0161\u00edho p\u0159em\u00fd\u0161len\u00ed.<\/p>\n<\/blockquote>\n<\/div><\/div>\n\n\n\n<div class=\"wp-block-kadence-column inner-column-2 kadence-column_e49caf-a6\"><div class=\"kt-inside-inner-col\">\n<figure class=\"wp-block-image size-large\"><img decoding=\"async\" loading=\"lazy\" width=\"1024\" height=\"576\" src=\"https:\/\/slowtechinstitute.org\/wp-content\/uploads\/2023\/02\/6PpThsdgR5aDjRoNacM8_marcus-neto-wWy0ZMPNyVg-unsplash-1024x576.jpg\" alt=\"\" class=\"wp-image-1546\" srcset=\"https:\/\/slowtechinstitute.org\/wp-content\/uploads\/2023\/02\/6PpThsdgR5aDjRoNacM8_marcus-neto-wWy0ZMPNyVg-unsplash-1024x576.jpg 1024w, https:\/\/slowtechinstitute.org\/wp-content\/uploads\/2023\/02\/6PpThsdgR5aDjRoNacM8_marcus-neto-wWy0ZMPNyVg-unsplash-300x169.jpg 300w, https:\/\/slowtechinstitute.org\/wp-content\/uploads\/2023\/02\/6PpThsdgR5aDjRoNacM8_marcus-neto-wWy0ZMPNyVg-unsplash-768x432.jpg 768w, https:\/\/slowtechinstitute.org\/wp-content\/uploads\/2023\/02\/6PpThsdgR5aDjRoNacM8_marcus-neto-wWy0ZMPNyVg-unsplash.jpg 1280w\" sizes=\"(max-width: 1024px) 100vw, 1024px\" \/><\/figure>\n<\/div><\/div>\n<\/div><\/div><\/div>\n\n\n\n<p>V\u011bt\u0161ina lid\u00ed by \u0159ekla, \u017ee je na ka\u017ed\u00e9m jednom \u010dlov\u011bku, co se o sob\u011b rozhodne se sv\u00fdmi p\u0159\u00e1teli sd\u00edlet online a jakou stopu po sob\u011b zanech\u00e1 na internetu. Ale co informace, kter\u00e9 lid\u00e9 sd\u00edl\u00ed o ostatn\u00edch? Co kdy\u017e nav\u00edc zve\u0159ej\u0148ujeme informace o lidech, kte\u0159\u00ed za sebe je\u0161t\u011b ani nenesou pr\u00e1vn\u00ed odpov\u011bdnost? D\u011bti, nap\u0159\u00edklad. Zm\u011bn\u00ed to na\u0161e p\u0159em\u00fd\u0161len\u00ed?<\/p>\n\n\n\n<p><strong>Studie ukazuj\u00ed, \u017ee ve Spojen\u00fdch st\u00e1tech m\u00e1 92 % d\u011bt\u00ed mlad\u0161\u00edch dvou let n\u011bjakou online stopu.<\/strong>&nbsp;T\u0159etina d\u011bt\u00ed se na internetu objev\u00ed je\u0161t\u011b p\u0159ed t\u00edm, ne\u017e jsou star\u00e9 jen jeden den.<\/p>\n\n\n\n<p>Vinit m\u016f\u017eeme rodi\u010de, kte\u0159\u00ed si neuv\u011bdomuj\u00ed d\u016fsledky. \u201e\u010ceho se ka\u017ed\u00fd tak boj\u00ed? Fotky s om\u00e1\u010dkou na obli\u010deji? Co to jako ud\u011bl\u00e1? Zni\u010d\u00ed to n\u011bkomu \u017eivot?\u201c pt\u00e1 se maminka ve&nbsp;<a href=\"https:\/\/www.youtube.com\/watch?v=YRPUZ3pufAg&amp;t=1s&amp;ab_channel=TheNewYorkTimes\">videu na YouTube kan\u00e1lu The New York Times<\/a>, ve kter\u00e9m t\u0159i d\u011bti (star\u00e9 7, 16 a 18 let) konfrontuj\u00ed rodi\u010de se sv\u00fdmi n\u00e1zory na sd\u00edlen\u00ed jejich fotek a osobn\u00edch informac\u00ed na internetu. Sd\u00edlen\u00ed obr\u00e1zku d\u00edt\u011bte s obli\u010dejem umazan\u00fdm od om\u00e1\u010dky m\u016f\u017ee b\u00fdt prost\u011b poni\u017euj\u00edc\u00ed, t\u00edm ale seznam d\u016fsledk\u016f nekon\u010d\u00ed. Jak jedna z dcer zmi\u0148uje, jej\u00ed matka na internetu sd\u00edl\u00ed \u201ecel\u00fd jej\u00ed \u017eivot\u201c t\u0159eba v\u010detn\u011b fotek v plavk\u00e1ch, kter\u00e9 by si sama nikam nedala.<\/p>\n\n\n\n<p>Rodi\u010de se v tomto videu sna\u017e\u00ed jmenovat r\u016fzn\u00e9 v\u00fdhody takov\u00e9ho jedn\u00e1n\u00ed \u2013 podle nich ukazuje, \u017ee jsou na sv\u00e9 d\u011bti hrd\u00ed (dokonce to pova\u017euj\u00ed za projev l\u00e1sky), slou\u017e\u00ed jako upev\u0148uj\u00edc\u00ed komunikace s \u0161ir\u0161\u00ed rodinou nebo p\u0159\u00e1teli. Ale na ka\u017ed\u00fd rodi\u010dovsk\u00fd pozitivn\u00ed p\u0159\u00edklad je tu jeden negativn\u00ed p\u0159\u00edmo od d\u011bt\u00ed.<\/p>\n\n\n\n<p>Toto p\u011btiminutov\u00e9 video je skv\u011bl\u00fdm shrnut\u00edm toho, v co lid\u00e9, kte\u0159\u00ed sd\u00edl\u00ed fotky sv\u00fdch d\u011bt\u00ed online, v\u011b\u0159\u00ed. Jen 36 % matek nesd\u00edl\u00ed fotky sv\u00fdch d\u011bt\u00ed online s \u017e\u00e1dn\u00fdm c\u00edlem. Nejd\u016fle\u017eit\u011bj\u0161\u00edmi d\u016fvody k takov\u00e9mu chov\u00e1n\u00ed je u zbytku spole\u010densk\u00e1 participace \u2013 neust\u00e1l\u00e1 snaha dr\u017eet s ostatn\u00edmi krok a demonstrovat svou p\u00fdchu na sv\u00e9 d\u011bti, konfirmace \u2013 tedy pocit uzn\u00e1n\u00ed od ostatn\u00edch. D\u00e1le se rodi\u010de sna\u017e\u00ed t\u0159eba o to, aby jim ostatn\u00ed z\u00e1vid\u011bli, n\u011bkter\u00fdm to zase p\u0159ijde prost\u011b v\u00fdhodn\u00e9 nebo jednoduch\u00e9.<br><strong>Term\u00edn sharenting se skl\u00e1d\u00e1 ze slov share (sd\u00edlet) a parenting (rodi\u010dovstv\u00ed) m\u00e1 popisovat pr\u00e1v\u011b tento fenom\u00e9n, kdy rodi\u010de pravideln\u011b p\u0159isp\u00edvaj\u00ed na soci\u00e1ln\u00ed m\u00e9dia obsahem spojen\u00fdm s jejich d\u011btmi.<\/strong><\/p>\n\n\n\n<p>M\u00e9n\u011b ne\u017e polovina rodi\u010d\u016f c\u00edt\u00ed, \u017ee by sd\u00edlen\u00ed jejich d\u011bt\u00ed na internetu p\u0159edstavovalo n\u011bjak\u00e9 riziko. Jen 6 % pe\u010dovatel\u016f p\u0159ipou\u0161t\u00ed, \u017ee by n\u011bkter\u00e9 informace, kter\u00e9 sd\u00edl\u00ed, mohli b\u00fdt pro jejich potomky v budoucnu n\u011bjak ztrap\u0148uj\u00edc\u00ed.<\/p>\n\n\n\n<p>P\u0159esto, \u017ee to mnoho rodi\u010d\u016f pop\u00edr\u00e1, sharenting se zd\u00e1 b\u00fdt velmi sobeckou aktivitou, jeliko\u017e p\u0159in\u00e1\u0161\u00ed benefit jen konkr\u00e9tn\u00edm pe\u010dovatel\u016fm\/rodi\u010d\u016fm. Je to aktivita, kter\u00e1 je pro n\u011b v\u00fdhodn\u00e1 a p\u0159in\u00e1\u0161\u00ed jim pocity pot\u011b\u0161en\u00ed.<\/p>\n\n\n\n<p>Nap\u011bt\u00ed mezi t\u00edm, co chce rodi\u010d pro sebe a co je dobr\u00e9 pro jeho d\u00edt\u011b, je velmi siln\u00e9. \u010casto to m\u016f\u017ee vy\u00fastit a\u017e v konflikt identity, obzvl\u00e1\u0161t\u011b pokud se rodi\u010d t\u0159eba \u017eiv\u00ed jako blogger.<\/p>\n\n\n\n<p>I to je zaj\u00edmav\u00fd fenom\u00e9n. Rodi\u010de blogy za\u010d\u00ednaj\u00ed v\u00edcem\u00e9n\u011b pro sebe jako kon\u00ed\u010dek nebo jist\u00fd druh terapie. Cht\u011bj\u00ed v n\u011bm pokra\u010dovat, \u010d\u00edm d\u00e1l v\u00fdrazn\u011bji ale c\u00edt\u00ed pot\u0159eby d\u00edt\u011bte, kter\u00e9 nelze p\u0159ehl\u00ed\u017eet. Situace je mnohem hor\u0161\u00ed pro ty, kter\u00fdm se t\u0159eba poda\u0159\u00ed za\u010d\u00edt se blogem \u017eivit.<\/p>\n\n\n\n<p>Tvrzen\u00ed, \u017ee<strong>&nbsp;rodi\u010de bloge\u0159i<\/strong>&nbsp;p\u0159i\u017eivuj\u00ed pomysln\u00fd za\u010darovan\u00fd kruh sharentingu, nen\u00ed daleko od pravdy. Takov\u00ed rodi\u010de p\u0159edstavuj\u00ed pro jin\u00e9 rodi\u010de vzory, \u010dasto u nich vyhled\u00e1vaj\u00ed radu nebo inspiraci.<\/p>\n\n\n\n<p>D\u011bti si za\u010d\u00ednaj\u00ed b\u00fdt v\u011bdom\u00e9 toho, \u017ee jejich rodi\u010de o nich sd\u00edl\u00ed informace bez jejich svolen\u00ed, v p\u0159ekvapiv\u011b n\u00edzk\u00e9m v\u011bku. \u010casto se jim to nel\u00edb\u00ed. Uv\u011bdomuj\u00ed si sv\u00e9 vlastn\u00ed soukrom\u00ed a rodi\u010de s t\u00edm \u010dasto dokonce konfrontuj\u00ed. D\u011bti po sv\u00fdch rodi\u010d\u00edch nakonec po\u017eaduj\u00ed p\u0159edev\u0161\u00edm to, aby je nechali kontrolovat sv\u016fj \u017eivot. Cht\u011bj\u00ed svobodu rozhodovat o tom, jak\u00fd obsah t\u00fdkaj\u00edc\u00ed se jejich \u017eivota bude online a jak\u00fd ne. Nejjednodu\u0161\u0161\u00edm zp\u016fsobem, jak se s takov\u00fdm nap\u011bt\u00edm vyrovnat, je jednodu\u0161e se jich zeptat a d\u00e1t jim p\u0159\u00edle\u017eitost v\u00e1s odm\u00edtnout.<\/p>\n\n\n\n<p>Nane\u0161t\u011bst\u00ed tohle v\u011bt\u0161ina rodi\u010d\u016f neum\u00ed. Ot\u00e1zkou je, zda za to m\u016f\u017ee t\u0159eba tradi\u010dn\u00ed rodi\u010dovsk\u00fd hierarchick\u00fd model, kde je d\u00edt\u011b rodi\u010di zcela pod\u0159\u00edzeno, mus\u00ed ho poslouchat a d\u016fv\u011b\u0159ovat jeho rozhodnut\u00edm. V t\u00e9to dynamice nen\u00ed pro p\u0159\u00e1n\u00ed d\u00edt\u011bte mnoho prostoru.<\/p>\n\n\n\n<p>Dva nej\u010dast\u011bj\u0161\u00ed zp\u016fsoby, kter\u00fdmi matky ochra\u0148uj\u00ed sv\u00e9 d\u011bti online, je skryt\u00ed jejich identity a tak\u00e9 jednoduch\u00e9 uji\u0161t\u011bn\u00ed se, \u017ee sd\u00edlen\u00fd obsah nen\u00ed zcela nevhodn\u00fd.<br>Tyto mechanismy p\u0159edstavuj\u00ed dobr\u00fd z\u00e1klad, rozhodn\u011b existuje ale v\u00edce zp\u016fsob\u016f, jak sv\u00e9 d\u011bti chr\u00e1nit. Paula Otero, prezidentka z podv\u00fdboru pro informa\u010dn\u00ed a komunika\u010dn\u00ed technologie v Sociedad Argentina de Pediatr\u00eda, jmenuje n\u011bkolik pravidel, kter\u00e9 by pediat\u0159i m\u011bli rodi\u010d\u016fm doporu\u010dit.<\/p>\n\n\n\n<p><strong>Rodi\u010de by nap\u0159\u00edklad m\u011bli:<\/strong><\/p>\n\n\n\n<ul>\n<li>Zn\u00e1t z\u00e1sady ochrany soukrom\u00ed, kter\u00e9 jednotliv\u00e9 soci\u00e1ln\u00ed s\u00edt\u011b a webov\u00e9 str\u00e1nky maj\u00ed<\/li>\n\n\n\n<li>Nastavit si Google Alert na jm\u00e9no sv\u00e9ho d\u00edt\u011bte<\/li>\n\n\n\n<li>Sd\u00edlet informace o zdravotn\u00edm stavu sv\u00e9ho d\u00edt\u011bte v\u00fdhradn\u011b anonymn\u011b<\/li>\n\n\n\n<li>Dob\u0159e zv\u00e1\u017eit sd\u00edlen\u00ed polohy a cel\u00e9ho jm\u00e9na sv\u00e9ho d\u00edt\u011bte<\/li>\n\n\n\n<li>D\u00e1t d\u00edt\u011bti mo\u017enost rozhodnout se, zda chce, nebo nechce, aby byl s n\u00edm spojen\u00fd obsah publikov\u00e1n online<\/li>\n\n\n\n<li>Zv\u00e1\u017eit, jak\u00e9 d\u016fsledky m\u016f\u017ee m\u00edt obsah v budoucnosti<\/li>\n\n\n\n<li>Mezi rodi\u010di nen\u00ed o problematice sharentingu p\u0159\u00edli\u0161 vysok\u00e9 pov\u011bdom\u00ed. V\u011bt\u0161ina z nich v t\u00e9to z\u00e1le\u017eitosti jedn\u00e1 v\u00fdhradn\u011b intuitivn\u011b. Je t\u0159eba, aby se rodi\u010de dovzd\u011bl\u00e1vali o mo\u017en\u00fdch d\u016fsledc\u00edch sv\u00e9ho chov\u00e1n\u00ed a aby pro n\u011b existovaly jasn\u00e9 pokyny, jak s informacemi o sv\u00fdch d\u011btech zach\u00e1zet.<\/li>\n\n\n\n<li>A pokud se sami n\u011bkdy ocitnete v situaci, kdy si nebudete jist\u00ed, zda je sd\u00edlen\u00ed fotky d\u00edt\u011bte s om\u00e1\u010dkou na obli\u010deji v po\u0159\u00e1dku, nebo ne, jednodu\u0161e si \u0159ekn\u011bte: \u201eZept\u00e1m se sv\u00e9ho d\u00edt\u011bte.\u201c<\/li>\n<\/ul>\n\n\n\n<p><em>Autor: Kate\u0159ina Janovsk\u00e1<\/em><\/p>\n\n\n\n<p><em>Zdroje:<\/em><br>BLUM-ROSS, Alicia a Sonia LIVINGSTONE, 2017. \u201cSharenting,\u201d parent blogging, and the boundaries of the digital self. Popular Communication [online]. 15(2), 110-125 [cit. 2020-05-30]. DOI: 10.1080\/15405702.2016.1223300. ISSN 1540-5702. Dostupn\u00e9 z:<br>https:\/\/www.tandfonline.com\/doi\/full\/10.1080\/15405702.2016.1223300<br>OTERO, Paula, 2017. Sharenting\u2026 should children\u2019s lives be disclosed on social media? Archivos Argentinos de Pediatria [online]. 115(5) [cit. 2020-05-30]. DOI: 10.5546\/aap.2017.eng.412. ISSN 03250075. Dostupn\u00e9 z: http:\/\/www.sap.org.ar\/docs\/publicaciones\/archivosarg\/2017\/v115n5a02e.pdf<br>WAGNER, Amina a Lisa Alina GASCHE, 2018. Sharenting: Making Decisions about Other\u2019s Privacy on Social Networking Sites. Publications of Darmstadt Technical University, Institute for Business Studies (BWL) [online]. [cit. 2020-05-30]. Dostupn\u00e9 z:<br>https:\/\/ideas.repec.org\/p\/dar\/wpaper\/90477.html<br>Why Kids Are Confronting Their Parents About &#8218;Sharenting&#8216;: NYT Opinion, 2019. In: Youtube [online]. 7.8.2019 [cit 2020-05-30]. Dostupn\u00e9 z https:\/\/www.youtube.com\/watch? v=YRPUZ3pufAg. Kan\u00e1l u\u017eivatele The New York Times.<\/p>","protected":false},"excerpt":{"rendered":"<p>Sd\u00edlen\u00ed informac\u00ed na internetu se stalo v posledn\u00edch letech normou. K tomu, abyste tento jev zaznamenali, pravd\u011bpodobn\u011b nepot\u0159ebujete v\u011bdeck\u00e9 d\u016fkazy. Sta\u010d\u00ed otev\u0159\u00edt prohl\u00ed\u017ee\u010d a libovolnou soci\u00e1ln\u00ed s\u00ed\u0165. Pozorujte chv\u00edli profil sv\u00e9ho kamar\u00e1da. Hned na prvn\u00ed pohled zjist\u00edte, co d\u011blal p\u0159ed t\u00fddnem, dokonce mo\u017en\u00e1 jak\u00e9ho prezidentsk\u00e9ho kandid\u00e1ta podporuje. Pono\u0159te se trochu hloub\u011bji a budete p\u0159ekvapen\u00ed jak\u00fd druh osobn\u00edch dat ve\u0159ejnosti lid\u00e9&#8230;<\/p>","protected":false},"author":1,"featured_media":0,"parent":0,"menu_order":0,"comment_status":"closed","ping_status":"closed","template":"my-templates\/template-fullwidth.php","meta":[],"_links":{"self":[{"href":"https:\/\/slowtechinstitute.org\/en\/wp-json\/wp\/v2\/pages\/1574"}],"collection":[{"href":"https:\/\/slowtechinstitute.org\/en\/wp-json\/wp\/v2\/pages"}],"about":[{"href":"https:\/\/slowtechinstitute.org\/en\/wp-json\/wp\/v2\/types\/page"}],"author":[{"embeddable":true,"href":"https:\/\/slowtechinstitute.org\/en\/wp-json\/wp\/v2\/users\/1"}],"replies":[{"embeddable":true,"href":"https:\/\/slowtechinstitute.org\/en\/wp-json\/wp\/v2\/comments?post=1574"}],"version-history":[{"count":1,"href":"https:\/\/slowtechinstitute.org\/en\/wp-json\/wp\/v2\/pages\/1574\/revisions"}],"predecessor-version":[{"id":1575,"href":"https:\/\/slowtechinstitute.org\/en\/wp-json\/wp\/v2\/pages\/1574\/revisions\/1575"}],"wp:attachment":[{"href":"https:\/\/slowtechinstitute.org\/en\/wp-json\/wp\/v2\/media?parent=1574"}],"curies":[{"name":"wp","href":"https:\/\/api.w.org\/{rel}","templated":true}]}}