{"id":1569,"date":"2023-02-05T11:06:45","date_gmt":"2023-02-05T10:06:45","guid":{"rendered":"https:\/\/slowtechinstitute.org\/?page_id=1569"},"modified":"2023-02-05T11:06:46","modified_gmt":"2023-02-05T10:06:46","slug":"on-line-svet-kompas-pro-ty-nejmensi-aneb-jak-detem-predstavit-internet","status":"publish","type":"page","link":"https:\/\/slowtechinstitute.org\/en\/on-line-svet-kompas-pro-ty-nejmensi-aneb-jak-detem-predstavit-internet\/","title":{"rendered":"On-line sv\u011bt &#8211; kompas pro ty nejmen\u0161\u00ed. Aneb jak d\u011btem p\u0159edstavit internet."},"content":{"rendered":"<style id=\"kb-rowlayout_1f2999-05\">#kt-layout-id_1f2999-05 > .kt-row-column-wrap.kb-theme-content-width{max-width:1170px;}#kt-layout-id_1f2999-05 > .kt-row-column-wrap{padding-top:65px;padding-bottom:0px;}<\/style>\n<div class=\"wp-block-kadence-rowlayout alignnone\"><div id=\"kt-layout-id_1f2999-05\" class=\"kt-row-layout-inner kt-layout-id_1f2999-05\"><div class=\"kt-row-column-wrap kt-has-2-columns kt-gutter-default kt-v-gutter-default kt-row-valign-middle kt-row-layout-equal kt-tab-layout-inherit kt-m-colapse-left-to-right kt-mobile-layout-row kb-theme-content-width\">\n<div class=\"wp-block-kadence-column inner-column-1 kadence-column_1f39c2-b7\"><div class=\"kt-inside-inner-col\">\n<blockquote class=\"wp-block-quote\">\n<p>Pokud se va\u0161e d\u00edt\u011b za\u010d\u00edn\u00e1 pohybovat v on-line sv\u011bt\u011b v\u00edce samo, nap\u0159. m\u00e1 vlastn\u00ed chytr\u00fd telefon, nebo vyhled\u00e1v\u00e1 samo obsah na YouTube a dal\u0161\u00edch platform\u00e1ch, vybavte ho z\u00e1kladn\u00ed v\u00fdbavou pro to, aby se tam mohlo pohybovat zdrav\u011b a bezpe\u010dn\u011b. Internet je\u00a0DOSLOVA \u00fapln\u011b nov\u00fdm sv\u011btem, do kter\u00e9ho d\u011bti vstupuj\u00ed a nem\u00e1me nad n\u00edm takovou kontrolu, jako nad p\u00edskovi\u0161t\u011bm na h\u0159i\u0161ti dosud.<\/p>\n<\/blockquote>\n<\/div><\/div>\n\n\n\n<div class=\"wp-block-kadence-column inner-column-2 kadence-column_e49caf-a6\"><div class=\"kt-inside-inner-col\">\n<figure class=\"wp-block-image size-large\"><img decoding=\"async\" loading=\"lazy\" width=\"1024\" height=\"576\" src=\"https:\/\/slowtechinstitute.org\/wp-content\/uploads\/2023\/02\/aG3eWyrSuq5GWd5QawhU_1-1024x576.png\" alt=\"\" class=\"wp-image-1527\" srcset=\"https:\/\/slowtechinstitute.org\/wp-content\/uploads\/2023\/02\/aG3eWyrSuq5GWd5QawhU_1-1024x576.png 1024w, https:\/\/slowtechinstitute.org\/wp-content\/uploads\/2023\/02\/aG3eWyrSuq5GWd5QawhU_1-300x169.png 300w, https:\/\/slowtechinstitute.org\/wp-content\/uploads\/2023\/02\/aG3eWyrSuq5GWd5QawhU_1-768x432.png 768w, https:\/\/slowtechinstitute.org\/wp-content\/uploads\/2023\/02\/aG3eWyrSuq5GWd5QawhU_1.png 1280w\" sizes=\"(max-width: 1024px) 100vw, 1024px\" \/><\/figure>\n<\/div><\/div>\n<\/div><\/div><\/div>\n\n\n\n<p class=\"has-small-font-size\"><img decoding=\"async\" src=\"https:\/\/kajabi-storefronts-production.global.ssl.fastly.net\/kajabi-storefronts-production\/blogs\/28074\/images\/wimL0a4TS2WEt3SxZ9xX_1.png\">Je to sv\u011bt, kde je spousta z\u00e1bavy, kamar\u00e1d\u016f, ale i ciz\u00edch lid\u00ed a m\u00edst, kter\u00fdm je lep\u0161\u00ed se vyhnout. P\u0159edejte d\u011btem mapu a kompas k tomuto sv\u011btu:<\/p>\n\n\n\n<h3>Internet je \u00fa\u017easn\u00e9 m\u00edsto pro vzd\u011bl\u00e1v\u00e1n\u00ed, chytr\u00e9 hry a videa. Je jen pot\u0159eba je um\u011bt naj\u00edt.<\/h3>\n\n\n\n<p>Hledejte s d\u011btmi hodnotn\u00fd obsah, pravideln\u011b se k n\u011bmu vracejte.<\/p>\n\n\n\n<h3><img decoding=\"async\" src=\"https:\/\/kajabi-storefronts-production.global.ssl.fastly.net\/kajabi-storefronts-production\/blogs\/28074\/images\/9o4mIAL7SsxNv8FHqUMo_5.png\"><br>M\u016f\u017eeme mluvit s kamar\u00e1dy odkudkoliv z cel\u00e9ho sv\u011bta, m\u016f\u017eeme si spole\u010dn\u011b hr\u00e1t a bavit. M\u016fs\u00edme si ale tak\u00e9 d\u00e1vat pozor na to, co \u0159\u00edk\u00e1me. N\u011bkdy m\u016f\u017eeme \u0159\u00edct n\u011bco nep\u0159\u00edjemn\u00e9ho, ale skrz obrazovku nemus\u00edme vid\u011bt, \u017ee to kamar\u00e1da rozesmutn\u011blo.<\/h3>\n\n\n\n<p>Nastavujte d\u011btem zrcadlo &#8211; zp\u011btnou vazbu, kterou by v re\u00e1ln\u00e9m sv\u011bt\u011b dostali od duh\u00fdch p\u0159\u00edmo, ale p\u0159es obrazovku nemus\u00ed b\u00fdt viditeln\u00e9. Jak se asi druh\u00fd c\u00edt\u00ed, pokud mu nap\u00ed\u0161u n\u011bco nehezk\u00e9ho, jak mohu \u0159\u00edct n\u011bco hezk\u00e9ho z o\u010d\u00ed do o\u010d\u00ed, i kdy\u017e je to p\u0159es zpr\u00e1vu a smajl\u00edka jednodu\u0161\u0161\u00ed apod.<\/p>\n\n\n\n<figure class=\"wp-block-image\"><img decoding=\"async\" src=\"https:\/\/kajabi-storefronts-production.global.ssl.fastly.net\/kajabi-storefronts-production\/blogs\/28074\/images\/g3EejFxYR1adG9KQaq6J_2.png\" alt=\"\"\/><\/figure>\n\n\n\n<h3>Ne v\u0161ichni kamar\u00e1di jsou opravdov\u00fdmi kamar\u00e1dy, skrz zpr\u00e1vy na obrazovce nevid\u00edme, \u017ee to je t\u0159eba n\u011bjak\u00fd dosp\u011bl\u00e1k, co to s n\u00e1mi nemysl\u00ed dob\u0159e.<\/h3>\n\n\n\n<p>Vysv\u011btlete d\u011btem, \u017ee schovat se za personu mal\u00e9ho kamar\u00e1da, \u010di kamar\u00e1dky je na internetu velice jednoduch\u00e9. \u017de pr\u00e1v\u011b tam obzvl\u00e1\u0161\u0165 je t\u0159eba si hl\u00eddat s k\u00fdm a o \u010dem si pov\u00edd\u00e1me.<\/p>\n\n\n\n<figure class=\"wp-block-image\"><img decoding=\"async\" src=\"https:\/\/kajabi-storefronts-production.global.ssl.fastly.net\/kajabi-storefronts-production\/blogs\/28074\/images\/SHUGJayT84Jyt39PM98Q_3.png\" alt=\"\"\/><\/figure>\n\n\n\n<h3>V on-line sv\u011bt\u011b jsou m\u00edsta, kam by d\u011bti nem\u011bly chodit &#8211; jsou tam v\u011bci, kter\u00e9 je mohou vystra\u0161it, nebo zkr\u00e1tka na n\u011b nejsou p\u0159ipraven\u00e9. V re\u00e1ln\u00e9m sv\u011bt\u011b by tam byla z\u00e1vora, nebo hl\u00edda\u010d, co n\u00e1s tam nepust\u00ed. Nic takov\u00e9ho na internetu nen\u00ed. Je pot\u0159eba v\u011bd\u011bt, jak takov\u00e1 m\u00edsta poznat a jak se jim vyhnout.<\/h3>\n\n\n\n<p>Vysv\u011btlete d\u011btem, jak\u00fd obsah nen\u00ed pro n\u011b a kde zpozorn\u011bt. Tak\u00e9 to, \u017ee v\u00fdstraha typu &#8222;tento weeb je p\u0159\u00edstupn\u00fd pouze osob\u00e1m nad 18 let&#8220; tam nen\u00ed jen proto, aby se jednodu\u0161e odklikla a pro\u010d. Dejte d\u011btem strategie, jak se chovat, pokud na n\u011bco nevhodn\u00e9ho naraz\u00ed. Mluvte i s t\u011bmi nejmen\u0161\u00edmi jednoduch\u00fdm jazykem o tak slo\u017eit\u00fdch v\u011bcech, jako je reklama, n\u00e1sil\u00ed nebo&nbsp;<a href=\"https:\/\/www.digitalnizdravideti.cz\/blog\/porno-konverzace-aneb-kdy-a-jak-mluvit-o-pornografii-s-detmi-ruzneho-veku\">pornografie &#8211; n\u00e1vod zde.<\/a><\/p>\n\n\n\n<figure class=\"wp-block-image\"><img decoding=\"async\" src=\"https:\/\/kajabi-storefronts-production.global.ssl.fastly.net\/kajabi-storefronts-production\/blogs\/28074\/images\/n7HsEbfCSj278Mg8hdn3_4.png\" alt=\"\"\/><\/figure>\n\n\n\n<h3>V on-line sv\u011bt\u011b se n\u011bkdy m\u016f\u017eeme c\u00edtit jako v obrovsk\u00e9m hra\u010dk\u00e1\u0159stv\u00ed pln\u00e9m zvuk\u016f, skv\u011bl\u00fdch v\u011bc\u00ed a z\u00e1bavy. N\u011bkdy je t\u011b\u017ek\u00e9 odej\u00edt. Kdy\u017e odejdeme, m\u016f\u017eeme se c\u00edtit unaven\u00ed a bez n\u00e1pad\u016f na jednoduchou hru s jednou hra\u010dkou nebo jen tak v p\u0159\u00edrod\u011b. Hledejme co nejv\u00edc zp\u016fsob\u016f, jak se zabavit bez internetu.<\/h3>\n\n\n\n<p>U\u010dte d\u00edt\u011b balancovat pobyt v on-line sv\u011bt\u011b s valitn\u00edmi aktivitami off-line. Nech\u00e1vejte je ob\u010das se nudit, aby m\u011bly mo\u017enost p\u0159ij\u00edt na to, co je opravdu bav\u00ed.<\/p>\n\n\n\n<figure class=\"wp-block-image\"><img decoding=\"async\" src=\"https:\/\/kajabi-storefronts-production.global.ssl.fastly.net\/kajabi-storefronts-production\/blogs\/28074\/images\/ARuC2pTBQcGPdVHG9Kts_6.png\" alt=\"\"\/><\/figure>\n\n\n\n<h3><br>Seznam nutn\u00e9 v\u00fdbavy pro on-line sv\u011bt:<\/h3>\n\n\n\n<ol>\n<li>Mapa online sv\u011bta,<\/li>\n\n\n\n<li>Znalost nebezpe\u010dn\u00fdch z\u00e1kout\u00ed a jak se jim vyhnout,<\/li>\n\n\n\n<li>Znalost m\u00edst s hodnotn\u00fdm a bezpe\u010dn\u00fdm obsahem,<\/li>\n\n\n\n<li>Dovednosti, jak se bezpe\u010dn\u011b v on-line sv\u011bt\u011b pohybovat,<\/li>\n\n\n\n<li>Dovednosti, jak se bezpe\u010dn\u011b v on-line seznamovat a komunikovat<\/li>\n<\/ol>","protected":false},"excerpt":{"rendered":"<p>Pokud se va\u0161e d\u00edt\u011b za\u010d\u00edn\u00e1 pohybovat v on-line sv\u011bt\u011b v\u00edce samo, nap\u0159. m\u00e1 vlastn\u00ed chytr\u00fd telefon, nebo vyhled\u00e1v\u00e1 samo obsah na YouTube a dal\u0161\u00edch platform\u00e1ch, vybavte ho z\u00e1kladn\u00ed v\u00fdbavou pro to, aby se tam mohlo pohybovat zdrav\u011b a bezpe\u010dn\u011b. Internet je\u00a0DOSLOVA \u00fapln\u011b nov\u00fdm sv\u011btem, do kter\u00e9ho d\u011bti vstupuj\u00ed a nem\u00e1me nad n\u00edm takovou kontrolu, jako nad p\u00edskovi\u0161t\u011bm na h\u0159i\u0161ti dosud&#8230;.<\/p>","protected":false},"author":1,"featured_media":0,"parent":0,"menu_order":0,"comment_status":"closed","ping_status":"closed","template":"my-templates\/template-fullwidth.php","meta":[],"_links":{"self":[{"href":"https:\/\/slowtechinstitute.org\/en\/wp-json\/wp\/v2\/pages\/1569"}],"collection":[{"href":"https:\/\/slowtechinstitute.org\/en\/wp-json\/wp\/v2\/pages"}],"about":[{"href":"https:\/\/slowtechinstitute.org\/en\/wp-json\/wp\/v2\/types\/page"}],"author":[{"embeddable":true,"href":"https:\/\/slowtechinstitute.org\/en\/wp-json\/wp\/v2\/users\/1"}],"replies":[{"embeddable":true,"href":"https:\/\/slowtechinstitute.org\/en\/wp-json\/wp\/v2\/comments?post=1569"}],"version-history":[{"count":2,"href":"https:\/\/slowtechinstitute.org\/en\/wp-json\/wp\/v2\/pages\/1569\/revisions"}],"predecessor-version":[{"id":1571,"href":"https:\/\/slowtechinstitute.org\/en\/wp-json\/wp\/v2\/pages\/1569\/revisions\/1571"}],"wp:attachment":[{"href":"https:\/\/slowtechinstitute.org\/en\/wp-json\/wp\/v2\/media?parent=1569"}],"curies":[{"name":"wp","href":"https:\/\/api.w.org\/{rel}","templated":true}]}}