{"id":130,"date":"2017-09-28T14:30:33","date_gmt":"2017-09-28T12:30:33","guid":{"rendered":"https:\/\/matchthemes.com\/demowp\/civillaw\/?page_id=130"},"modified":"2020-01-02T15:25:06","modified_gmt":"2020-01-02T14:25:06","slug":"contact","status":"publish","type":"page","link":"https:\/\/slowtechinstitute.org\/en\/contact\/","title":{"rendered":""},"content":{"rendered":"<div class=\"row\">\n<div class=\"col-md-4 alignc margin-b36\">\n<h5 class=\"widgettitle\" style=\"color: #fc6e27;\"><i class=\"fa fa-map-marker\"><\/i> OUR LOCATION<\/h5>\n<p>Prague,<br \/>\nCzech Republic<\/p>\n<\/div>\n<div class=\"col-md-4 alignc margin-b36\">\n<h5 class=\"widgettitle\" style=\"color: #fc6e27;\"><i class=\"fa fa-envelope-o\"><\/i> CONTACT<\/h5>\n<p>(00420) 724 577 668<br \/>\ninfo@slowtechinstitute.org<\/p>\n<p>Data ID: 3wkqxiv<br \/>\nVAT ID 22826653<\/p>\n<\/div>\n<div class=\"col-md-4 alignc margin-b36\">\n<h5 class=\"widgettitle\" style=\"color: #fc6e27;\"><i class=\"fa fa-clock-o\"><\/i> THINGS WE CAN HELP YOU WITH...<\/h5>\n<p>Questions: How to deal with technologies at home, at school and other domains.<\/p>\n<p>Seminar Requests: for schools, family centers, medical and academic conferences<\/p>\n<p>Proposals of collaboration and research<\/p>\n<\/div>\n<\/div>","protected":false},"excerpt":{"rendered":"<p>KDE JSME Praha, \u010cesk\u00e1 republika KONTAKT (00420) 724 577 668 info@slowtechinstitute.org datov\u00e1 schr\u00e1nka: 3wkqxiv I\u010cO 22826653 S \u010c\u00cdM NA N\u00c1S? Dotazy: Jak na technologie doma, ve \u0161kole apod. \u017d\u00e1dosti na semin\u00e1\u0159e: \u0161koly, rodinn\u00e1 centra, l\u00e9ka\u0159sk\u00e9 a akademick\u00e9 konference Nab\u00eddky spolupr\u00e1ce na v\u00fdzkum<\/p>","protected":false},"author":2,"featured_media":0,"parent":0,"menu_order":0,"comment_status":"closed","ping_status":"closed","template":"my-templates\/template-fullwidth.php","meta":[],"_links":{"self":[{"href":"https:\/\/slowtechinstitute.org\/en\/wp-json\/wp\/v2\/pages\/130"}],"collection":[{"href":"https:\/\/slowtechinstitute.org\/en\/wp-json\/wp\/v2\/pages"}],"about":[{"href":"https:\/\/slowtechinstitute.org\/en\/wp-json\/wp\/v2\/types\/page"}],"author":[{"embeddable":true,"href":"https:\/\/slowtechinstitute.org\/en\/wp-json\/wp\/v2\/users\/2"}],"replies":[{"embeddable":true,"href":"https:\/\/slowtechinstitute.org\/en\/wp-json\/wp\/v2\/comments?post=130"}],"version-history":[{"count":14,"href":"https:\/\/slowtechinstitute.org\/en\/wp-json\/wp\/v2\/pages\/130\/revisions"}],"predecessor-version":[{"id":674,"href":"https:\/\/slowtechinstitute.org\/en\/wp-json\/wp\/v2\/pages\/130\/revisions\/674"}],"wp:attachment":[{"href":"https:\/\/slowtechinstitute.org\/en\/wp-json\/wp\/v2\/media?parent=130"}],"curies":[{"name":"wp","href":"https:\/\/api.w.org\/{rel}","templated":true}]}}