{"id":1223,"date":"2020-05-06T12:07:36","date_gmt":"2020-05-06T10:07:36","guid":{"rendered":"https:\/\/slowtechinstitute.org\/?page_id=1223"},"modified":"2023-02-05T10:58:04","modified_gmt":"2023-02-05T09:58:04","slug":"porno-konverzace","status":"publish","type":"page","link":"https:\/\/slowtechinstitute.org\/en\/porno-konverzace\/","title":{"rendered":"Porno-konverzace. Aneb kdy a jak mluvit o pornografii s d\u011btmi r\u016fzn\u00e9ho v\u011bku"},"content":{"rendered":"<p>Pornografie se pomalu, ale jist\u011b p\u0159em\u011bnila ve st\u00e1l\u00e9 t\u00e9ma na\u0161ich setk\u00e1n\u00ed s rodi\u010di, kde \u0159e\u0161\u00edme hlavn\u00ed probl\u00e9my spojen\u00e9 s pou\u017e\u00edv\u00e1n\u00edm technologi\u00ed u jejich d\u011bt\u00ed. Dne\u0161n\u00ed d\u011bti jsou vystaveny pornografick\u00e9mu obsahu ji\u017e ve velice\u00a0 \u00fatl\u00e9m v\u011bku, sv\u011btov\u00e1 a \u010desk\u00e1 \u010d\u00edsla mluv\u00ed o 8. a\u017e 11. roce \u017eivota. Na\u0161e zku\u0161enost napov\u00edd\u00e1, \u017ee mnohdy je tomu je\u0161t\u011b mnohem d\u0159\u00edve. St\u00e1le \u010dast\u011bj\u00ed se setk\u00e1v\u00e1me s p\u0159\u00edb\u011bhy velice mal\u00fdch d\u011bt\u00ed, kte\u0159\u00ed na pornografick\u00fd obsah narazily, sd\u00edlely ho s vrstevn\u00edky a p\u0159\u00edpadn\u011b s nimi zkou\u0161ely, co na obrazovce vid\u011bly. Posledn\u00ed p\u0159\u00edb\u011bh se t\u00fdkal d\u011bt\u00ed ve v\u011bku \u010dty\u0159i a p\u016fl a p\u011bt let. To n\u00e1s definitivn\u011b p\u0159esv\u011bd\u010dilo, abychom p\u0159ipravili n\u00e1stroje pro rodi\u010de, jak mluvit o pornografii s t\u011bmi \u00fapln\u011b nejmen\u0161\u00edmi. \u017de se V\u00e1m to st\u00e1le zd\u00e1 brzy? Bohu\u017eel nen\u00ed. Nevhodn\u00fd obsah se ukr\u00fdv\u00e1 ve vyskakovac\u00edch oknech k\u0159\u00ed\u017eem kr\u00e1\u017eem internetem, ale i pod linky v koment\u00e1\u0159\u00edch u d\u011btsk\u00fdch a poh\u00e1dkov\u00fdch YouTube vide\u00ed.<\/p>\n<p>Mnoho rodi\u010d\u016f se v prvn\u00ed \u0159ad\u011b p\u00edd\u00ed po mo\u017enostech blokov\u00e1n\u00ed p\u0159\u00edstupu k takov\u00e9mu obsahu. Ot\u00e1zkou v\u0161ak nen\u00ed, jak p\u0159ed n\u00edm d\u011bti uchr\u00e1nit, ale sp\u00ed\u0161e kde, kdy a jak moc (ne)p\u0159ipraveny na n\u011bj naraz\u00ed. A\u0165 bude v\u00e1\u0161 software rodi\u010dovsk\u00e9 kontroly sebev\u00edc dokonal\u00fd, nem\u00e1te vyhr\u00e1no. D\u011bti se k pornu dostanou skrze telefony kamar\u00e1d\u016f, nebo na po\u010d\u00edta\u010d\u00edch, kter\u00e9 nejsou tak dob\u0159e chr\u00e1n\u011bn\u00e9. \u010casto p\u0159ekvapiv\u00fdm m\u00edstem jsou telefony, po\u010d\u00edta\u010de a tablety u prarodi\u010d\u016f&#8230;<\/p>\n<p>Podle zahrani\u010dn\u00edch, ale i \u010desk\u00fdch statistik, v deseti letech ji\u017e cel\u00e1 \u010dtvrtina d\u011bt\u00ed pornografii vid\u011bla. V tomto v\u011bku je m\u00e1lokter\u00e9 d\u00edt\u011b na takov\u00e9 obr\u00e1zky p\u0159ipraveno, n\u011bkte\u0159\u00ed si mohou d\u00e1le n\u00e9st traumatizuj\u00edc\u00ed pocity. Stejn\u011b tak si buduj\u00ed pok\u0159iven\u00fd obr\u00e1zek toho, jak sexu\u00e1ln\u00ed \u017eivot vypad\u00e1. Bu\u010fte tedy p\u0159ipraveni a za\u010dn\u011bte o pornografii mluvit co nejd\u0159\u00edve, p\u0159\u00edpadn\u011b pou\u017eijte na\u0161e sc\u00e9n\u00e1\u0159e pro rozhovor v r\u016fzn\u00fdch v\u011bkov\u00fdch kategori\u00edch, kter\u00e9 naleznete n\u00ed\u017ee. Pokud v\u00e1s d\u011bti p\u0159edb\u011bhly, a v internetov\u00e9 historii jste odhalili n\u011bkter\u00e9 p\u0159ekvapiv\u00e9 weby, dr\u017ete se\u00a0 n\u00e1sleduj\u00edc\u00edch pravidel:<\/p>\n<ol>\n<li>Z\u016fsta\u0148te v klidu.<\/li>\n<li>Otev\u0159ete s d\u011btmi na t\u00e9ma konverzaci.<\/li>\n<li>Nemoralizujte, ale normalizujte; sd\u00edlejte pochopen\u00ed, dejte d\u00edt\u011bti najevo, \u017ee zv\u011bdavost je v jeho v\u011bku naprosto p\u0159irozen\u00e1.<\/li>\n<li>Poskytn\u011bte d\u00edt\u011bti funguj\u00edc\u00ed n\u00e1stroje, jak s nevhodn\u00fdm obsahem, na kter\u00fd n\u00e1hodn\u011b naraz\u00ed, nalo\u017eit.<\/li>\n<li>Nez\u016fst\u00e1vejte u jedn\u00e9 konverzace. S v\u011bkem se v\u0161e m\u011bn\u00ed, d\u016fle\u017eit\u00e9 v\u011bci je t\u0159eba opakovat a zd\u016fraz\u0148ovat neust\u00e1le.<\/li>\n<\/ol>\n<p>P\u0159ipravili jsme pro V\u00e1s sc\u00e9n\u00e1\u0159e rozhovor\u016f o pornografii s d\u011btmi ve v\u011bku 5 \u2013 8, 9 \u2013 11 a 12+, upravte je podle sv\u00fdch pot\u0159eb, ka\u017ed\u00e1 rodina a ka\u017ed\u00e9 d\u00edt\u011b je jin\u00e9. Tady rozhodujete jen Vy, Vy sami zn\u00e1te sv\u00e9 d\u00edt\u011b nejl\u00e9pe. Proto uv\u00e1\u017eliv\u011b rozhodn\u011bte, kter\u00e1 t\u00e9mata a jak\u00fd styl v rozhovoru zvolit.<\/p>\n<h3><strong>Porno-rozhovor s d\u011btmi 5 &#8211; 8 let<\/strong><\/h3>\n<p>\u201eNa internetu je spousta obr\u00e1zk\u016f, n\u011bkter\u00e9 jsou pro v\u0161echny a n\u011bkter\u00e9 jsou soukrom\u00e9, nejsou na ukazov\u00e1n\u00ed v\u0161em. M\u016f\u017ee tam b\u00fdt n\u011bkdo nah\u00fd, nebo n\u00e1m mohou zkr\u00e1tka nah\u00e1n\u011bt strach, nebo p\u0159in\u00e1\u0161et podivn\u00e9 pocity. Takov\u00e9 obr\u00e1zky tvoje t\u011blo pozn\u00e1. M\u016f\u017ee\u0161 se c\u00edtit nep\u0159\u00edjemn\u011b, podivn\u011b t\u011b \u0161imrat v b\u0159i\u0161e. Pokud n\u011bco takov\u00e9ho uvid\u00ed\u0161, hned obrazovku vypni, oto\u010d se, zav\u0159i o\u010di, ute\u010d, cokoliv. Tak\u00e9 to \u0159ekni mn\u011b, nebo n\u011bkomu dosp\u011bl\u00e9mu.\u201c<\/p>\n<p>Pozn.: vyh\u00fdbejte se soud\u016fm; ne\u0159\u00edkejte, \u017ee je n\u011bco dob\u0159e nebo \u0161patn\u011b, d\u011bti jsou v tomto v\u011bku velice vn\u00edmav\u00e9, m\u016f\u017ee to pozd\u011bji zp\u016fsobovat nevhodn\u00e1 stigmata<\/p>\n<h3><strong>Porno-rozhovor s d\u011btmi 9 &#8211; 11 let<\/strong><\/h3>\n<p>M\u016f\u017eete za\u010d\u00edt naprosto otev\u0159en\u011b, nap\u0159. s n\u011bjakou osobn\u00ed historkou, jak na v\u00e1s v pr\u00e1ci p\u0159i vyhled\u00e1v\u00e1n\u00ed na Googlu vysko\u010dilo okno s videem nah\u00fdch lid\u00ed: \u201eBylo mi \u00fapln\u011b trapn\u011b, z\u010dervenal\/a jsem a co nejrychleji zaklapl\/a notebook. \u0158\u00edkal\/a jsem si, jestli se ti taky n\u011bkdy n\u011bco takov\u00e9ho nestalo\u201c Nebo za\u010dn\u011bte s klasick\u00fdm \u201eNed\u00e1vno jsem \u010detl\/a, \u017ee d\u011bti, kter\u00e9 jsou v podobn\u00e9m v\u011bku, maj\u00ed p\u0159\u00edstup k pornografii. U\u017e jsi to slovo sly\u0161el\/a?\u201c<\/p>\n<p>\u201eChci, abys v\u011bd\u011bl\/a, \u017ee neodsuzuji nikoho, kdo se na takov\u00e1 videa d\u00edv\u00e1, nebo je n\u011bkdy vid\u011bl. Chci jen, abys o nich p\u0159em\u00fd\u0161lel\/a. Je naprosto norm\u00e1ln\u00ed, \u017ee ve tv\u00e9m v\u011bku t\u011b takov\u00e9 v\u011bci zaj\u00edmaj\u00ed. Tvoje t\u011blo se m\u011bn\u00ed, objevuj\u00ed se v n\u011bm nov\u00e9 hormony, kter\u00e9 zv\u011bdavost v t\u00e9to oblasti je\u0161t\u011b umoc\u0148uj\u00ed. Mus\u00ed\u0161 ale v\u011bd\u011bt, \u017ee pornografie neukazuje opravdov\u00fd sex. Jsou to jen herci, kte\u0159\u00ed hraj\u00ed roli, co nem\u00e1 s lidsk\u00fdmi vztahy nic spole\u010dn\u00e9ho. Je to n\u011bco jako opravdov\u00fd z\u00e1pas a wrestling. Zkr\u00e1tka p\u0159ehnan\u00e1 show. V\u011bt\u0161ina pornografie je pln\u00e1 n\u00e1sil\u00ed, kter\u00e9 ve vztahu nem\u00e1 co d\u011blat. Erotick\u00fd vztah mus\u00ed vych\u00e1zet ze vztahu dvou lid\u00ed, kte\u0159\u00ed si d\u016fv\u011b\u0159uj\u00ed a \u017e\u00e1dn\u00fd z nich ned\u011bl\u00e1 nic, co je mu nep\u0159\u00edjemn\u00e9. Pokud kdykoliv naraz\u00ed\u0161 na obrazovce na n\u011bco, co t\u011b znepokoj\u00ed, neboj se za mnou p\u0159ij\u00edt. Takov\u00fdch v\u011bc\u00ed je na internetu spousta, stane se to a nikdo se nem\u00e1 za co styd\u011bt. Pros\u00edm tak\u00e9, respektuj ostatn\u00ed a nikdy takov\u00e9 v\u011bci nepos\u00edlej d\u00e1l, chr\u00e1n\u00ed\u0161 tak sebe p\u0159ed n\u011bjak\u00fdm pr\u016f\u0161vihem, ale hlavn\u011b ochr\u00e1n\u00ed\u0161 ty, kte\u0159\u00ed nejsou na takov\u00e9 obr\u00e1zky p\u0159ipraveni. Pokud to tak bude\u0161 c\u00edtit, neboj se tak\u00e9 kamar\u00e1d\u016fm \u0159\u00edci, \u017ee t\u011b takov\u00fd obsah nezaj\u00edm\u00e1.\u201c<\/p>\n<p>Pozn: Vyhledejte vhodnou p\u0159\u00edle\u017eitost pro takov\u00fd rozhovor, \u201enel\u00e1mejte to p\u0159es koleno\u201c: \u201ete\u010f se budeme bavit o n\u011b\u010dem d\u016fle\u017eit\u00e9m\u201c. D\u00edt\u011b mus\u00ed s rozhovorem souhlasit, bude to nep\u0159\u00edjemn\u00e9 pro v\u00e1s oba. Zakon\u010dete v\u011btou, kter\u00e1 konverzaci otev\u00edr\u00e1, budujte oboustrannou d\u016fv\u011bru v t\u00e9to ot\u00e1zce. Nap\u0159.: \u201ePokud m\u00e1\u0161 jak\u00e9koliv dotazy k sexu, nebo pornografii, jsem tu, r\u00e1d\/a si s tebou promluv\u00edm, v\u0161e vysv\u011btl\u00edm. \u201c<\/p>\n<h3><strong>Porno-rozhovor s d\u011btmi 12+<\/strong><\/h3>\n<p><strong>Synov\u00e9 \u2013 rozhovor o sexu, pornografii a l\u00e1sce.<\/strong><\/p>\n<p><span style=\"font-weight: 400;\">\u201cCht\u011bl(a) bych, abys v\u011bd\u011bl, \u017ee pornografie neukazuje re\u00e1ln\u00fd sex. Pornografie je zkr\u00e1tka sest\u0159\u00edhan\u00fd hollywoodsk\u00fd film. Stejn\u011b, jako superhrdinov\u00e9 v ak\u010dn\u00edch filmech p\u0159e\u017eij\u00ed nesmysln\u011b nebezpe\u010dn\u00e9 p\u00e1dy a maj\u00ed s\u00edlu a v\u00fddr\u017e nesrovnatelnou s jejich protivn\u00edky, i pornografie je pe\u010dliv\u011b sest\u0159\u00edhan\u00e9 a p\u0159ehnan\u00e9 video. Ve skute\u010dnosti sex takhle nevypad\u00e1. Nevypadaj\u00ed tak ani zdrav\u00e1 lidsk\u00e1 t\u011bla. Nem\u00e1 to u\u017e v\u016fbec nic spole\u010dn\u00e9ho s l\u00e1skou a intimn\u00edm vztahem.\u00a0<\/span><\/p>\n<p><span style=\"font-weight: 400;\">Kdy\u017e jsem dosp\u00edval(a) j\u00e1, bylo v\u0161e jin\u00e9. Pornografie byla mnohem m\u00e9n\u011b p\u0159\u00edstupn\u00e1 a sex byl mnohem v\u00edc tabu. Dnes je pornografie v\u0161ude a sex a nahota se st\u00e1vaj\u00ed n\u011b\u010d\u00edm naprosto b\u011b\u017en\u00fdm. Mo\u017en\u00e1 je to dob\u0159e, \u017ee m\u00e1te mnohem v\u00edce informac\u00ed a nestyd\u00edte se o sexu mluvit. Na druhou stranu se trochu boj\u00edm, \u017ee to, jak vypad\u00e1 pornografie, budou vypadat i va\u0161e intimn\u00ed vztahy. Pornografick\u00fd obsah nen\u00ed ani trochu o l\u00e1sce, ale \u010dasto o n\u00e1sil\u00ed, nen\u00ed o vz\u00e1jemn\u00e9m souhlasu a respektu, sex je jakousi samoz\u0159ejmost\u00ed. Sv\u011bt sexu je v\u0161echno mo\u017en\u00e9, m\u016f\u017ee b\u00fdt n\u00e1dhern\u00fd, dobr\u00fd, ale taky \u0161patn\u00fd, podivn\u00fd nebo z\u00e1bavn\u00fd. Ka\u017ed\u00fd jsme jin\u00fd a stejn\u011b, jako ne\u010dek\u00e1me od sv\u00fdch p\u0159\u00e1tel, \u017ee se budou chovat jako hrdinov\u00e9 z americk\u00fdch film\u016f, nem\u016f\u017eeme \u010dekat, \u017ee se budou holky v posteli chovat jako pornohv\u011bzdy. Nejlep\u0161\u00ed zp\u016fsob, jak bezpe\u010dn\u011b objevovat sexualitu, je objevovat j\u00ed ve dvou, sv\u00fdm vlastn\u00edm tempem a s n\u011bk\u00fdm, kdo respektuje tebe a m\u016f\u017eete si d\u016fv\u011b\u0159ovat.\u00a0<\/span><\/p>\n<p><span style=\"font-weight: 400;\">Vyr\u016fst\u00e1te v kultu\u0159e, kde je tak n\u011bjak cool vyu\u017e\u00edvat holky jako sexu\u00e1ln\u00ed hra\u010dky. Mlad\u00ed dnes z m\u00e9di\u00ed dost\u00e1vaj\u00ed pok\u0159iven\u00e9 informace o tom, jak zach\u00e1zet s d\u00edvkou a to je \u0161kodliv\u00e9 pro kluky i holky. Pokud za\u010dne\u0161 p\u0159em\u00fd\u0161let o holk\u00e1ch tak, \u017ee jsou tady jen pro pot\u011b\u0161en\u00ed, p\u0159estane\u0161 vid\u011bt jejich osobnost. Pokud bude\u0161 sex ch\u00e1pat jako odd\u011blen\u00fd od l\u00e1sky, nikdy se ti nepoda\u0159\u00ed vybudovat skute\u010dn\u00fd vztah. Sly\u0161el(a) jsem p\u0159\u00edb\u011bhy o tom, jak n\u011bkte\u0159\u00ed kluci p\u0159esv\u011bd\u010dili svou p\u0159\u00edtelkyni nebo kamar\u00e1dku, aby se p\u0159ed nimi vysvl\u00e9kla, aby jim poskytla or\u00e1ln\u00ed sex apod. Tyhle kamar\u00e1dstv\u00ed s v\u00fdhodou \u2013 Friends With Benefits. A chci, abys o tom taky v\u011bd\u011bl, mysl\u00edm, \u017ee je d\u016fle\u017eit\u00e9, abychom o tom spolu mluvili. Za prv\u00e9, kdy\u017e s t\u00edm jednoho dne bude n\u011bjak\u00e1 holka z jak\u00e9hokoliv d\u016fvodu souhlasit, mus\u00ed\u0161 si uv\u011bdomit, \u017ee se to m\u016f\u017ee kdykoliv oto\u010dit proti tob\u011b\u2026 Jsi nezletil\u00fd\u2026 M\u016f\u017ee pozd\u011bji \u0159\u00edct, \u017ee jsi ji nutil, nebo dokonce, \u017ee jsi ji zn\u00e1silnil. N\u011bkdy tak\u00e9 sta\u010d\u00ed, aby se o tom dozv\u011bd\u011bli jej\u00ed rodi\u010de a ti i p\u0159es jej\u00ed nesouhlas p\u016fjdou do \u0161koly a ud\u011blaj\u00ed z toho kauzu s pr\u00e1vn\u00edkem. To jen co se t\u00fd\u010de leg\u00e1ln\u00edch ot\u00e1zek, o kter\u00fdch bys m\u011bl ur\u010dit\u011b v\u011bd\u011bt\u2026<\/span><\/p>\n<p><span style=\"font-weight: 400;\">Tak\u00e9 chci abys v\u011bd\u011bl, \u017ee pokud bude\u0161 koukat na hodn\u011b porna, na ty obr\u00e1zky si zkr\u00e1tka zvykne\u0161 a m\u016f\u017ee\u0161 m\u00edt probl\u00e9m, a\u017e p\u0159ijde na v\u011bc s opravdovou d\u00edvkou. Je dost mo\u017en\u00e9, \u017ee t\u011b ta holka u\u017e ani nevzru\u0161\u00ed, proto\u017ee bude\u0161 zvykl\u00fd na mnohem extr\u00e9mn\u011bj\u0161\u00ed v\u011bci. To je bohu\u017eel velice b\u011b\u017en\u00e1 v\u011bc. Nechci ti to kazit, ale jestli chce\u0161 m\u00edt jednou skute\u010dn\u011b dobr\u00fd sex zalo\u017een\u00fd na opravdov\u00e9 l\u00e1sce a vztahu, p\u0159em\u00fd\u0161lej o tom, na co se na obrazovce d\u00edv\u00e1\u0161. A taky nikdy \u017e\u00e1dnou holku k ni\u010demu nenu\u0165, nikdy se j\u00ed nepokou\u0161ej op\u00edt, tohle je zkr\u00e1tka cel\u00e9 \u0161patn\u011b. \u010c\u00edm v\u00edce bude\u0161 objevovat sv\u00e9 sexu\u00e1ln\u00ed j\u00e1 ve vztahu s n\u011bk\u00fdm, komu v\u011b\u0159\u00ed\u0161, koho miluje\u0161 a kdo t\u011b respektuje takov\u00e9ho, jak\u00fd jsi, t\u00edm to bude lep\u0161\u00ed.\u201c<\/span><\/p>\n<p><strong>Dcery \u2013 rozhovor o sexu, pornografii a l\u00e1sce.<\/strong><\/p>\n<p>\u201eSly\u0161el\/a jsem r\u016fzn\u00e9 p\u0159\u00edb\u011bhy o tom, jak kluci ve va\u0161em v\u011bku cht\u011bj\u00ed po kamar\u00e1dk\u00e1ch, aby byly jejich Friends With Benefits\u2026kamar\u00e1dky s benefity. Kamar\u00e1dky na sex nebo aspo\u0148 or\u00e1ln\u00ed sex. Moc bych te\u010f cht\u011bl(a), aby sis vyslechla, co si o tom mysl\u00edm a pomohla mi porozum\u011bt tomu, jak to vid\u00ed\u0161 ty. (po\u010dkejte si na odpov\u011b\u010f, holky v\u011bt\u0161inou mluv\u00ed v\u00edce, ne\u017e kluci, nev\u00e1hejte ale tak\u00e9 v p\u0159\u00edpad\u011b ticha mluvit d\u00e1l\u2026). Kamar\u00e1dky s benefity jsou prost\u011b holky, kter\u00e9 daly svolen\u00ed k tomu, aby je kluci vyu\u017e\u00edvali. Kluci tu nestoj\u00ed o kamar\u00e1dku, ale jen o ten benefit. Hodn\u011b holek to d\u011bl\u00e1 hlavn\u011b proto, \u017ee maj\u00ed pocit, \u017ee o n\u011b ten kluk stoj\u00ed, \u017ee se o n\u011b bude zaj\u00edmat, starat se o n\u011b \u2013 zkr\u00e1tka to, co se alespo\u0148 od p\u0159\u00e1telstv\u00ed o\u010dek\u00e1v\u00e1. Ale ve skute\u010dnosti kluci, kte\u0159\u00ed se o tebe zaj\u00edmaj\u00ed, kte\u0159\u00ed t\u011b maj\u00ed opravdu r\u00e1di, by t\u011b nikdy nepo\u017e\u00e1dali o takovou v\u011bc, jako kamar\u00e1dstv\u00ed s benefity. A co je mo\u017en\u00e1 je\u0161t\u011b d\u016fle\u017eit\u011bj\u0161\u00ed\u2026 Je to prost\u011b ne \u00fapln\u011b nejvhodn\u011bj\u0161\u00ed uveden\u00ed do sv\u011bta sexu. Proto\u017ee to nen\u00ed o vztahu, l\u00e1sce, ale jen o n\u011bjak\u00e9m z\u00e1vazku. Chyb\u00ed tu city. Kdy\u017e je \u010dlov\u011bk mlad\u00fd a hled\u00e1 sv\u00e9 m\u00edsto v intimn\u00edm sv\u011bt\u011b, je vice ne\u017e d\u016fle\u017eit\u00e9 b\u00fdt p\u0159i tom s n\u011bk\u00fdm, komu na n\u00e1s opravdu z\u00e1le\u017e\u00ed. Komu m\u016f\u017eeme v\u011b\u0159it, abychom se navz\u00e1jem objevovali.<\/p>\n<p>A te\u010f up\u0159\u00edmn\u011b, je kamar\u00e1dstv\u00ed s benefity opravdu o tom, co cht\u011bj\u00ed holky? Jedin\u00e9, co si z toho holka m\u016f\u017ee odn\u00e9st je, \u017ee sex je prost\u011b pr\u00e1ce, kterou mus\u00ed vykonat, uspokojit kluky a zapomenout na svoje pot\u0159eby a touhy. Holky ve skute\u010dnosti cht\u011bj\u00ed l\u00e1sku, romantiku, cht\u011bj\u00ed se c\u00edtit v\u00fdjime\u010dn\u00fdmi, cht\u011bj\u00ed skute\u010dn\u00fd vztah a to je opravdu dobr\u00e1 v\u011bc. Ve v\u011bt\u0161in\u011b p\u0159\u00edpad\u016f se tak chovaj\u00ed kluci hlavn\u011b proto, \u017ee dost\u00e1vaj\u00ed pok\u0159iven\u00e9 informace o tom, jak zach\u00e1zet s d\u00edvkou. Vid\u011bli spoustu pornografick\u00e9ho obsahu, kter\u00fd nen\u00ed ani trochu o l\u00e1sce, ale \u010dasto o n\u00e1sil\u00ed, d\u00edvky jsou tu jen sexu\u00e1ln\u00ed hra\u010dky. \u010casto pak jen opakuj\u00ed to, co vid\u011bli. Tak\u017ee kdy\u017e pak po holk\u00e1ch po\u017eaduj\u00ed, aby jim \u201cposlou\u017eily\u201d, p\u00ed\u0161\u00ed jim zoufal\u00e9 zpr\u00e1vy apod., zevnit\u0159 to m\u011bn\u00ed i holky. C\u00edt\u00ed, \u017ee aby se o n\u011b n\u011bkdo staral, aby je m\u011bl r\u00e1d, mus\u00ed k tomu n\u011bco takov\u00e9ho vykonat, \u017ee l\u00e1sku je mo\u017eno jen z\u00edskat, pokud k tomu n\u011bco vykon\u00e1me. Pokud jde o sex, je lep\u0161\u00ed po\u010dkat na n\u011bkoho, komu na tob\u011b bude opravdu z\u00e1le\u017eet, koho zn\u00e1\u0161, ne za\u010d\u00edt s n\u011bk\u00fdm, kdo t\u011b jen vyu\u017e\u00edv\u00e1.<\/p>\n<p>Sv\u011bt sexu je n\u00e1dhern\u00fd, dobr\u00fd, ale taky \u0161patn\u00fd, podivn\u00fd nebo z\u00e1bavn\u00fd. A nejlep\u0161\u00ed zp\u016fsob, jak bezpe\u010dn\u011b objevovat sexualitu, je objevovat j\u00ed ve dvou, s n\u011bk\u00fdm, kdo respektuje tvoje pot\u0159eby, m\u016f\u017ee\u0161 mu d\u016fv\u011b\u0159ovat. Or\u00e1ln\u00ed sex m\u016f\u017ee b\u00fdt tak\u00e9 skv\u011bl\u00fd, kdy\u017e jste na to oba p\u0159ipraven\u00ed a je to p\u0159\u00edjemn\u00e9 pro v\u00e1s oba. N\u011bkdy, kdy\u017e d\u011bl\u00e1me v\u011bci, na kter\u00e9 nejsme p\u0159ipraven\u00ed, m\u016f\u017ee n\u00e1s to vystra\u0161it, traumatizovat a ovlivnit do budoucna. Vyr\u016fst\u00e1te v kultu\u0159e, kter\u00e1 odd\u011blila sex od romantiky, sex od intimity, j\u00e1 ale chci, abys m\u011bla dobr\u00e9 vztahy s n\u011bk\u00fdm, kdo o hlubok\u00fd vztah tak\u00e9 stoj\u00ed. Nemus\u00ed\u0161 na nic sp\u011bchat, lep\u0161\u00ed je si po\u010dkat.\u201c<\/p>\n<h3><strong>A co pak?<\/strong><\/h3>\n<p>N\u011bkte\u0159\u00ed rodi\u010de nedostanou \u017e\u00e1dnou odpov\u011b\u010f a to je tak\u00e9 v po\u0159\u00e1dku, n\u011bkte\u0159\u00ed naopak \u0159\u00edkaj\u00ed, \u017ee d\u011bti p\u0159ijdou se spoustou ot\u00e1zek\u2026 V tom p\u0159\u00edpad\u011b se zhluboka nadechn\u011bte, bu\u010fte klidn\u00ed, nesu\u010fte. N\u00e1sledujte intuici a pot\u0159eby sv\u00e9ho d\u00edt\u011bte. Efektivn\u00ed sexu\u00e1ln\u00ed v\u00fdchova je v\u00edce ne\u017e o biologii a zdrav\u00ed, sp\u00ed\u0161e o dialogu o l\u00e1sce, hodnot\u00e1ch, slu\u0161nosti, integrit\u011b, ct\u011bn\u00ed sexu\u00e1ln\u00ed orientace. Pomoci d\u011btem nal\u00e9zt vlastn\u00ed cestu, p\u0159ehlu\u0161it m\u00e9dia p\u0159epln\u011bn\u00e1 alkoholem, drogami a sexem,nau\u010dit je ct\u00edt vlastn\u00ed t\u011blo a emoce.<\/p>\n<p>A je\u0161t\u011b posledn\u00ed radu, m\u00e9 obl\u00edben\u00e9 m\u00edsto pro takov\u00e9 hovory je auto. V\u0161ichni jsme uv\u00e1zan\u00ed v seda\u010dk\u00e1ch, nem\u016f\u017eeme ut\u00e9ct a jak se nechal sly\u0161et jeden z tat\u00ednk\u016f, kter\u00fd to u\u017e absolvoval; \u201cN\u011bkomu i pom\u00e1h\u00e1, \u017ee zkr\u00e1tka kouk\u00e1 jen na silnici p\u0159ed sebe\u201d.<\/p>\n<p>Tyhle rozhovory za\u010d\u00edn\u00e1m slovy \u201c\u2026pot\u0159ebuji s tebou mluvit, v\u011bd\u011bt, co si mysl\u00ed\u0161 ty a taky, abys poslouchal(a). Nemus\u00ed\u0161 odpov\u00eddat, sta\u010d\u00ed, kdy\u017e m\u011b vyslechne\u0161\u2026\u201d<\/p>\n<p style=\"text-align: right;\"><em>Nikdo ne\u0159\u00edkal, \u017ee to bude lehk\u00e9. Ale v\u011b\u0159te mi, m\u00e1 to smysl! M\u00ed\u0161a S.<\/em><\/p>\n<p style=\"text-align: right;\">","protected":false},"excerpt":{"rendered":"<p>Pornografie se pomalu, ale jist\u011b p\u0159em\u011bnila ve st\u00e1l\u00e9 t\u00e9ma na\u0161ich setk\u00e1n\u00ed s rodi\u010di, kde \u0159e\u0161\u00edme hlavn\u00ed probl\u00e9my spojen\u00e9 s pou\u017e\u00edv\u00e1n\u00edm technologi\u00ed u jejich d\u011bt\u00ed. Dne\u0161n\u00ed d\u011bti jsou vystaveny pornografick\u00e9mu obsahu ji\u017e ve velice\u00a0 \u00fatl\u00e9m v\u011bku, sv\u011btov\u00e1 a \u010desk\u00e1 \u010d\u00edsla mluv\u00ed o 8. a\u017e 11. roce \u017eivota. Na\u0161e zku\u0161enost napov\u00edd\u00e1, \u017ee mnohdy je tomu je\u0161t\u011b mnohem d\u0159\u00edve. St\u00e1le \u010dast\u011bj\u00ed se setk\u00e1v\u00e1me&#8230;<\/p>","protected":false},"author":1,"featured_media":1226,"parent":0,"menu_order":0,"comment_status":"closed","ping_status":"closed","template":"my-templates\/template-fullwidth.php","meta":[],"_links":{"self":[{"href":"https:\/\/slowtechinstitute.org\/en\/wp-json\/wp\/v2\/pages\/1223"}],"collection":[{"href":"https:\/\/slowtechinstitute.org\/en\/wp-json\/wp\/v2\/pages"}],"about":[{"href":"https:\/\/slowtechinstitute.org\/en\/wp-json\/wp\/v2\/types\/page"}],"author":[{"embeddable":true,"href":"https:\/\/slowtechinstitute.org\/en\/wp-json\/wp\/v2\/users\/1"}],"replies":[{"embeddable":true,"href":"https:\/\/slowtechinstitute.org\/en\/wp-json\/wp\/v2\/comments?post=1223"}],"version-history":[{"count":6,"href":"https:\/\/slowtechinstitute.org\/en\/wp-json\/wp\/v2\/pages\/1223\/revisions"}],"predecessor-version":[{"id":1564,"href":"https:\/\/slowtechinstitute.org\/en\/wp-json\/wp\/v2\/pages\/1223\/revisions\/1564"}],"wp:featuredmedia":[{"embeddable":true,"href":"https:\/\/slowtechinstitute.org\/en\/wp-json\/wp\/v2\/media\/1226"}],"wp:attachment":[{"href":"https:\/\/slowtechinstitute.org\/en\/wp-json\/wp\/v2\/media?parent=1223"}],"curies":[{"name":"wp","href":"https:\/\/api.w.org\/{rel}","templated":true}]}}