{"id":1219,"date":"2020-05-06T12:02:07","date_gmt":"2020-05-06T10:02:07","guid":{"rendered":"https:\/\/slowtechinstitute.org\/?page_id=1219"},"modified":"2020-11-09T22:29:30","modified_gmt":"2020-11-09T21:29:30","slug":"muj-prvni-smartphone","status":"publish","type":"page","link":"https:\/\/slowtechinstitute.org\/en\/muj-prvni-smartphone\/","title":{"rendered":"M\u016fj prvn\u00ed smartphone!"},"content":{"rendered":"<p>Je to velk\u00fd p\u0159ed\u011bl. Telefon p\u0159ipojen\u00fd na internet v ruce mal\u00e9ho d\u00edt\u011bte sk\u00fdt\u00e1 spoustu n\u00e1strah a nebezpe\u010d\u00ed. Nem\u00e1m p\u0159esnou odpov\u011b\u010f na to, kdy je nejlep\u0161\u00ed k tomuhle kroku p\u0159istoupit. \u010c\u00edm pozd\u011bji, t\u00edm l\u00e9pe. Lep\u0161\u00ed ot\u00e1zka by byla, jak to ud\u011blat dob\u0159e. D\u00edt\u011b by ka\u017edop\u00e1dn\u011b m\u011blo v\u011bd\u011bt, jak s telefonem zach\u00e1zet bezpe\u010dn\u011b a vy, jako rodi\u010de byste m\u011bli m\u00edt v\u017edy mo\u017enost z\u00e1s\u00e1hnout.<\/p>\n<p>Zde je smlouva, kterou m\u016f\u017eete d\u00edt\u011bti s telefonem p\u0159edat, nebo j\u00ed zkr\u00e1tka pou\u017e\u00edt ke spole\u010dn\u00e9 diskuzi o v\u011bcech, ze kter\u00fdch m\u00e1te u technologi\u00ed obavy. Upravte si j\u00ed upravit podle sv\u00e9ho. V\u011b\u0159\u00edm, \u017ee ne\u017e samotn\u00e1 kontrola nebo rodi\u010dovsk\u00e9 z\u00e1mky a nastaven\u00ed, je \u00fa\u010dinn\u011bj\u0161\u00ed up\u0159\u00edmn\u00e1 diskuze a vz\u00e1jemn\u00e1 d\u016fv\u011bra. D\u016fv\u011bra zejm\u00e9na v tom smyslu, \u017ee se d\u011bti nebudou b\u00e1t v\u00e1m sv\u011b\u0159it s t\u00edm, co na webu na\u0161li, nebo jak\u00fd bolestiv\u00fd koment\u00e1\u0159 se o nich na soci\u00e1ln\u00ed s\u00edti objevil.<\/p>\n<ul>\n<li>Je to m\u016fj telefon. Zap\u016fj\u010duji ti ho pod n\u00e1sleduj\u00edc\u00edmi podm\u00ednkami.<\/li>\n<li>V\u017edy budu zn\u00e1t heslo.<\/li>\n<li>Kdy\u017e zvon\u00ed, odpov\u011bz. Je to telefon. \u0158ekni ahoj, pamatuj na sv\u00e9 vychov\u00e1n\u00ed. V \u017e\u00e1dn\u00e9m p\u0159\u00edpad\u011b neignoruj vyzv\u00e1n\u011bn\u00ed, pokud bude na obrazovce \u201cM\u00e1ma\u201d nebo \u201cT\u00e1ta\u201d. Nikdy.<\/li>\n<li>P\u0159edej telefon jednomu z rodi\u010d\u016f v 19:30 ve v\u0161edn\u00ed den a v 21:00 o v\u00edkendu. Celou noc bude telefon vypnut\u00fd.<\/li>\n<li>Neber telefon do \u0161koln\u00ed t\u0159\u00eddy. S lidmi, se kter\u00fdmi si p\u00ed\u0161e\u0161, si pov\u00eddej doopravdy. Je to \u017eivotn\u00ed dovednost, kter\u00e1 se ti bude hodit.<\/li>\n<li>Pokud spadne do z\u00e1chodu, rozbije se nebo prost\u011b zmiz\u00ed, odpov\u00edd\u00e1\u0161 za n\u00e1klady na opravu nebo n\u00e1kup nov\u00e9ho telefonu. Posekej tr\u00e1vn\u00edk, najdi si brig\u00e1du, uspo\u0159 narozeninov\u00e9 pen\u00edze. Stane se to, m\u011bl\/a bys b\u00fdt p\u0159ipraven\/a.<\/li>\n<li>Nikdy nepou\u017e\u00edvej tuto technologii k lhan\u00ed, nebo klam\u00e1n\u00ed jin\u00e9 lidsk\u00e9 bytosti. Nezapojuj se do diskuz\u00ed, kter\u00e9 jsou \u0161kodliv\u00e9 pro ostatn\u00ed. Bu\u010f dobr\u00fdm kamar\u00e1dem\/kamar\u00e1dkou.<br \/>\nNekomentuj, nepos\u00edlej ani ne\u0159\u00edkej p\u0159es telefon nic, co bys dan\u00e9 osob\u011b ne\u0159ekl\/a z o\u010d\u00ed do o\u010d\u00ed.<\/li>\n<li>Nevyhled\u00e1vej a nepos\u00edlej nic, co bys ne\u0159ekl\/a nahlas nebo neuk\u00e1zal\/a p\u0159ed vlastn\u00edmi rodi\u010di. Cenzuruj s\u00e1m sebe.<\/li>\n<li>Ned\u016fv\u011b\u0159uj. Bu\u010f v kontaktu pouze s lidmi, se kter\u00fdmi jsi se setkal\/a. Nepos\u00edlej text nebo fotky nikomu, koho nezn\u00e1\u0161.<\/li>\n<li>Prov\u011b\u0159uj. V\u017edy si z v\u00edce zdroj\u016f ov\u011b\u0159uj, co \u010dte\u0161. Obsah na webu je tvo\u0159en lidmi a ti se \u010dasto m\u00fdl\u00ed.<\/li>\n<li>Nepos\u00edlej fotografie sv\u00fdch intimn\u00edch parti\u00ed. Nesm\u011bj se. Jednoho dne bude\u0161 v poku\u0161en\u00ed to ud\u011blat i p\u0159es tvou vysokou m\u00edru inteligence. Je to riskantn\u00ed a m\u016f\u017ee to zni\u010dit tv\u016fj dosp\u00edvaj\u00edc\u00ed,\u00a0 vysoko\u0161kolsk\u00fd nebo dosp\u011bl\u00fd \u017eivot. Nikdy to nen\u00ed dobr\u00fd n\u00e1pad. Cyberspace je obrovsk\u00fd a siln\u011bj\u0161\u00ed ne\u017e ty. Je t\u011b\u017ek\u00e9 takov\u00e9 v\u011bci smazat \u2013 v\u010detn\u011b vlastn\u00ed \u0161patn\u00e9 pov\u011bsti.<\/li>\n<li>Nefo\u0165 a neto\u010d miliony obr\u00e1zk\u016f a vide\u00ed. Pro\u017e\u00edvej to. Takov\u00e9 vzpom\u00ednky ti z\u016fstanou opravdu nav\u017edy.<\/li>\n<li>Na ve\u0159ejnosti vypni telefon, nebo ho zti\u0161. Zejm\u00e9na v restauraci, v divadle, kin\u011b nebo p\u0159i rozhovoru s jinou lidskou bytost\u00ed. Jsi slu\u0161n\u00fd \u010dlov\u011bk, nedovol n\u011bjak\u00e9mu smartphonu, aby to zm\u011bnil.<\/li>\n<li>Pokud \u010dek\u00e1\u0161 na zast\u00e1vce, ve front\u011b, sed\u00ed\u0161 v aut\u011b, odolej poku\u0161en\u00ed se zabavit telefonem. Nau\u010d se b\u00fdt s\u00e1m\/sama se sebou a sv\u00fdmi my\u0161lenkami, uvid\u00ed\u0161, \u017ee se p\u0159\u00edjemn\u011b p\u0159ekvap\u00ed\u0161.<\/li>\n<li>Hraj i chytr\u00e9 hry, kter\u00e9 t\u011b nut\u00ed p\u0159em\u00fd\u0161let.<\/li>\n<li>Koukni nahoru. Pod\u00edvej se na sv\u011bt, kter\u00fd je kolem tebe, poslouchej p\u0159\u00edrodu. Jdi na proch\u00e1zku.<\/li>\n<li>Pokud to nebude fungovat, vezmu si telefon a v klidu si o tom popov\u00edd\u00e1me. Za\u010dneme znovu. V\u0161ichni se po\u0159\u00e1d u\u010d\u00edme, jsme v tom spole\u010dn\u011b.<\/li>\n<\/ul>\n<p><a href=\"https:\/\/www.digitalnizdravideti.cz\/\"><img decoding=\"async\" loading=\"lazy\" class=\"aligncenter wp-image-1323 size-large\" src=\"https:\/\/slowtechinstitute.org\/wp-content\/uploads\/2020\/11\/Digit\u00e1ln\u00ed-zdrav\u00ed-d\u011bt\u00ed-2-1024x253.png\" alt=\"\" width=\"1024\" height=\"253\" srcset=\"https:\/\/slowtechinstitute.org\/wp-content\/uploads\/2020\/11\/Digit\u00e1ln\u00ed-zdrav\u00ed-d\u011bt\u00ed-2-1024x253.png 1024w, https:\/\/slowtechinstitute.org\/wp-content\/uploads\/2020\/11\/Digit\u00e1ln\u00ed-zdrav\u00ed-d\u011bt\u00ed-2-300x74.png 300w, https:\/\/slowtechinstitute.org\/wp-content\/uploads\/2020\/11\/Digit\u00e1ln\u00ed-zdrav\u00ed-d\u011bt\u00ed-2-768x190.png 768w, https:\/\/slowtechinstitute.org\/wp-content\/uploads\/2020\/11\/Digit\u00e1ln\u00ed-zdrav\u00ed-d\u011bt\u00ed-2-1536x380.png 1536w, https:\/\/slowtechinstitute.org\/wp-content\/uploads\/2020\/11\/Digit\u00e1ln\u00ed-zdrav\u00ed-d\u011bt\u00ed-2.png 1996w\" sizes=\"(max-width: 1024px) 100vw, 1024px\" \/><\/a><\/p>\n<p style=\"text-align: right;\">","protected":false},"excerpt":{"rendered":"<p>Je to velk\u00fd p\u0159ed\u011bl. Telefon p\u0159ipojen\u00fd na internet v ruce mal\u00e9ho d\u00edt\u011bte sk\u00fdt\u00e1 spoustu n\u00e1strah a nebezpe\u010d\u00ed. Nem\u00e1m p\u0159esnou odpov\u011b\u010f na to, kdy je nejlep\u0161\u00ed k tomuhle kroku p\u0159istoupit. \u010c\u00edm pozd\u011bji, t\u00edm l\u00e9pe. Lep\u0161\u00ed ot\u00e1zka by byla, jak to ud\u011blat dob\u0159e. D\u00edt\u011b by ka\u017edop\u00e1dn\u011b m\u011blo v\u011bd\u011bt, jak s telefonem zach\u00e1zet bezpe\u010dn\u011b a vy, jako rodi\u010de byste m\u011bli m\u00edt v\u017edy mo\u017enost&#8230;<\/p>","protected":false},"author":1,"featured_media":1228,"parent":0,"menu_order":0,"comment_status":"closed","ping_status":"closed","template":"my-templates\/template-fullwidth.php","meta":[],"_links":{"self":[{"href":"https:\/\/slowtechinstitute.org\/en\/wp-json\/wp\/v2\/pages\/1219"}],"collection":[{"href":"https:\/\/slowtechinstitute.org\/en\/wp-json\/wp\/v2\/pages"}],"about":[{"href":"https:\/\/slowtechinstitute.org\/en\/wp-json\/wp\/v2\/types\/page"}],"author":[{"embeddable":true,"href":"https:\/\/slowtechinstitute.org\/en\/wp-json\/wp\/v2\/users\/1"}],"replies":[{"embeddable":true,"href":"https:\/\/slowtechinstitute.org\/en\/wp-json\/wp\/v2\/comments?post=1219"}],"version-history":[{"count":3,"href":"https:\/\/slowtechinstitute.org\/en\/wp-json\/wp\/v2\/pages\/1219\/revisions"}],"predecessor-version":[{"id":1331,"href":"https:\/\/slowtechinstitute.org\/en\/wp-json\/wp\/v2\/pages\/1219\/revisions\/1331"}],"wp:featuredmedia":[{"embeddable":true,"href":"https:\/\/slowtechinstitute.org\/en\/wp-json\/wp\/v2\/media\/1228"}],"wp:attachment":[{"href":"https:\/\/slowtechinstitute.org\/en\/wp-json\/wp\/v2\/media?parent=1219"}],"curies":[{"name":"wp","href":"https:\/\/api.w.org\/{rel}","templated":true}]}}