{"id":962,"date":"2020-01-02T15:50:30","date_gmt":"2020-01-02T14:50:30","guid":{"rendered":"http:\/\/slowtechinstitute.org\/?page_id=962"},"modified":"2020-01-02T16:01:08","modified_gmt":"2020-01-02T15:01:08","slug":"eticky-design-podpora-it-developeru","status":"publish","type":"page","link":"http:\/\/slowtechinstitute.org\/en\/eticky-design-podpora-it-developeru\/","title":{"rendered":"ETHICAL DESIGN"},"content":{"rendered":"<div class=\"alignc\">\n<div class=\"medium-intro\">We have a waste experience in designing educational software and game apps,<br \/>\nwe provide consultations for developers who aim to create highly efficient<br \/>\nefficient IT products supporting learning or purposeful playing.\n<\/div>\n<div class=\"medium-intro\">In today games and apps that are labeled as educational there is a lot of features that distract<br \/>\nchildren attention from learning. The design is lead by financial purposes<br \/>\nto create an experience that grow the new generation of dedicated (or addicted) consumers. The designers whose work<br \/>\nis driven by ethical design rather aim to create deep experiences that foster curiosity and motivate the further learning.\n<\/div>\n<div class=\"medium-intro\"><strong>Our specialists will help you with:<\/strong>\n<\/div>\n<div class=\"medium-intro\">Designing efficient learning game mechanics<br \/>\nResearch support in evaluation of your apps educational value<br \/>\nEthical HCI design - consultations and support<br \/>\nSupport in developing zenware <\/p>\n<\/div>\n<div class=\"alignc margin-t20\"><a class=\"view-more\" href=\"http:\/\/slowtechinstitute.org\/en\/contact\/\">Contact us<\/a><\/div>","protected":false},"excerpt":{"rendered":"<p>M\u00e1me rozs\u00e1hl\u00e9 zku\u0161enosti s n\u00e1vrhem vzd\u011bl\u00e1vac\u00edho softwaru a hern\u00edch aplikac\u00ed, poskytujeme konzultace v\u00fdvoj\u00e1\u0159\u016fm, kte\u0159\u00ed cht\u011bj\u00ed vytv\u00e1\u0159et vysoce efektivn\u00ed IT produkty podporuj\u00edc\u00ed u\u010den\u00ed nebo smyslupln\u00e9 hran\u00ed. V dne\u0161n\u00edch hr\u00e1ch a aplikac\u00edch, kter\u00e9 nesou ozna\u010den\u00ed vzd\u011bl\u00e1vac\u00ed, nalezneme mnoho prvk\u016f, kter\u00e9 odv\u00e1d\u011bj\u00ed pozornost d\u011bt\u00ed od u\u010den\u00ed. N\u00e1vrh t\u011bchto produkt\u016f je zpravidla motivov\u00e1n finan\u010dn\u00edm ziskem a hlavn\u00edm c\u00edlem je udr\u017eet u\u017eivatele u aplikace nebo&#8230;<\/p>","protected":false},"author":1,"featured_media":965,"parent":0,"menu_order":0,"comment_status":"closed","ping_status":"closed","template":"my-templates\/template-fullwidth.php","meta":[],"_links":{"self":[{"href":"http:\/\/slowtechinstitute.org\/en\/wp-json\/wp\/v2\/pages\/962"}],"collection":[{"href":"http:\/\/slowtechinstitute.org\/en\/wp-json\/wp\/v2\/pages"}],"about":[{"href":"http:\/\/slowtechinstitute.org\/en\/wp-json\/wp\/v2\/types\/page"}],"author":[{"embeddable":true,"href":"http:\/\/slowtechinstitute.org\/en\/wp-json\/wp\/v2\/users\/1"}],"replies":[{"embeddable":true,"href":"http:\/\/slowtechinstitute.org\/en\/wp-json\/wp\/v2\/comments?post=962"}],"version-history":[{"count":17,"href":"http:\/\/slowtechinstitute.org\/en\/wp-json\/wp\/v2\/pages\/962\/revisions"}],"predecessor-version":[{"id":981,"href":"http:\/\/slowtechinstitute.org\/en\/wp-json\/wp\/v2\/pages\/962\/revisions\/981"}],"wp:featuredmedia":[{"embeddable":true,"href":"http:\/\/slowtechinstitute.org\/en\/wp-json\/wp\/v2\/media\/965"}],"wp:attachment":[{"href":"http:\/\/slowtechinstitute.org\/en\/wp-json\/wp\/v2\/media?parent=962"}],"curies":[{"name":"wp","href":"https:\/\/api.w.org\/{rel}","templated":true}]}}